{"id":947,"date":"2023-05-02T02:21:27","date_gmt":"2023-05-01T23:21:27","guid":{"rendered":"https:\/\/atacompany.com.tr\/?page_id=947"},"modified":"2023-06-04T23:31:38","modified_gmt":"2023-06-04T20:31:38","slug":"danismanlik","status":"publish","type":"page","link":"https:\/\/atacompany.com.tr\/tr\/danismanlik\/","title":{"rendered":"DANI\u015eMANLIK"},"content":{"rendered":"<p><span style=\"color: #005c48;\">DANI\u015eMANLIK<\/span><\/p>\n<p>\u2022 Y\u00f6netim Dan\u0131\u015fmanl\u0131\u011f\u0131<br \/>\n\u2022 \u00dcretim Dan\u0131\u015fmanl\u0131\u011f\u0131<br \/>\n\u2022 \u0130nsan Kaynaklar\u0131 Dan\u0131\u015fmanl\u0131\u011f\u0131<br \/>\n\u2022 Pazarlama Dan\u0131\u015fmanl\u0131\u011f\u0131<br \/>\n\u2022 Finans ve Muhasebe Dan\u0131\u015fmanl\u0131\u011f\u0131<br \/>\n\u2022 Sat\u0131n Alma Dan\u0131\u015fmanl\u0131\u011f\u0131<br \/>\n\u2022 Ar-Ge Dan\u0131\u015fmanl\u0131\u011f\u0131<br \/>\n\u2022 \u0130dari Y\u00f6netim Dan\u0131\u015fmanl\u0131\u011f\u0131<br \/>\n\u2022 Uluslararas\u0131 \u0130\u015flemler Dan\u0131\u015fmanl\u0131\u011f\u0131<br \/>\n\u2022 Bili\u015fim Dan\u0131\u015fmanl\u0131\u011f\u0131<br \/>\n\u2022 Fizibilite ve \u0130\u015f Plan\u0131 Haz\u0131rlama Dan\u0131\u015fmanl\u0131\u011f\u0131<br \/>\n\u2022 Makine Yerle\u015fimi Dan\u0131\u015fmanl\u0131\u011f\u0131<br \/>\n\u2022 \u0130thalat -\u0130hracat Dan\u0131\u015fmanl\u0131\u011f\u0131<br \/>\n\u2022 Proje Y\u00f6netimi Dan\u0131\u015fmanl\u0131\u011f\u0131<\/p>\n","protected":false},"excerpt":{"rendered":"<p>DANI\u015eMANLIK \u2022 Y\u00f6netim Dan\u0131\u015fmanl\u0131\u011f\u0131 \u2022 \u00dcretim Dan\u0131\u015fmanl\u0131\u011f\u0131 \u2022 \u0130nsan Kaynaklar\u0131 Dan\u0131\u015fmanl\u0131\u011f\u0131 \u2022 Pazarlama Dan\u0131\u015fmanl\u0131\u011f\u0131 \u2022 Finans ve Muhasebe Dan\u0131\u015fmanl\u0131\u011f\u0131 \u2022 Sat\u0131n Alma Dan\u0131\u015fmanl\u0131\u011f\u0131 \u2022 Ar-Ge&hellip;<\/p>\n","protected":false},"author":1,"featured_media":948,"parent":0,"menu_order":0,"comment_status":"closed","ping_status":"closed","template":"","meta":{"footnotes":""},"class_list":["post-947","page","type-page","status-publish","has-post-thumbnail","hentry"],"_links":{"self":[{"href":"https:\/\/atacompany.com.tr\/tr\/wp-json\/wp\/v2\/pages\/947","targetHints":{"allow":["GET"]}}],"collection":[{"href":"https:\/\/atacompany.com.tr\/tr\/wp-json\/wp\/v2\/pages"}],"about":[{"href":"https:\/\/atacompany.com.tr\/tr\/wp-json\/wp\/v2\/types\/page"}],"author":[{"embeddable":true,"href":"https:\/\/atacompany.com.tr\/tr\/wp-json\/wp\/v2\/users\/1"}],"replies":[{"embeddable":true,"href":"https:\/\/atacompany.com.tr\/tr\/wp-json\/wp\/v2\/comments?post=947"}],"version-history":[{"count":3,"href":"https:\/\/atacompany.com.tr\/tr\/wp-json\/wp\/v2\/pages\/947\/revisions"}],"predecessor-version":[{"id":1193,"href":"https:\/\/atacompany.com.tr\/tr\/wp-json\/wp\/v2\/pages\/947\/revisions\/1193"}],"wp:featuredmedia":[{"embeddable":true,"href":"https:\/\/atacompany.com.tr\/tr\/wp-json\/wp\/v2\/media\/948"}],"wp:attachment":[{"href":"https:\/\/atacompany.com.tr\/tr\/wp-json\/wp\/v2\/media?parent=947"}],"curies":[{"name":"wp","href":"https:\/\/api.w.org\/{rel}","templated":true}]}}