{"id":943,"date":"2023-05-02T02:01:21","date_gmt":"2023-05-01T23:01:21","guid":{"rendered":"https:\/\/atacompany.com.tr\/?page_id=943"},"modified":"2023-06-04T23:32:39","modified_gmt":"2023-06-04T20:32:39","slug":"dijital-pazarlama","status":"publish","type":"page","link":"https:\/\/atacompany.com.tr\/tr\/dijital-pazarlama\/","title":{"rendered":"D\u0130J\u0130TAL PAZARLAMA"},"content":{"rendered":"<p><span style=\"color: #005c48;\">D\u0130J\u0130TAL PAZARLAMA<\/span><\/p>\n<p>Dijital pazarlama, t\u0131pk\u0131 geleneksel pazarlamada oldu\u011fu gibi \u201cmarka ve \u00fcr\u00fcnleri potansiyel m\u00fc\u015fterilere ula\u015ft\u0131rma ve tercih etme sebepleri sunma\u201d faaliyetlerini dijital mecralar ve ara\u00e7lar arac\u0131l\u0131\u011f\u0131yla yapmakt\u0131r.<\/p>\n<p>Pazarlama sizinle ilgili de\u011fil, m\u00fc\u015fterilerinizle ilgilidir; onlar\u0131n hangi problemini \u00e7\u00f6zd\u00fc\u011f\u00fcn\u00fczle ilgilidir.<\/p>\n<p>T\u00fcm pazarlama faaliyetleri, potansiyel m\u00fc\u015fterilerde \u00fcr\u00fcn ve marka hakk\u0131nda fark\u0131ndal\u0131k yaratmaktan ba\u015flay\u0131p onlar\u0131n sat\u0131\u015f a\u015famas\u0131na kadar gelmesini sa\u011flamakt\u0131r.<\/p>\n<p>Sosyal medya, web sitesi, online reklamlar ve e-posta pazarlamas\u0131 gibi yayg\u0131n dijital pazarlama t\u00fcrlerinin temel hedefi, \u00e7e\u015fitli hedefler do\u011frultusunda i\u015fletmelerin potansiyel al\u0131c\u0131lara eri\u015fmesini sa\u011flamak ve mevcut m\u00fc\u015fterilerini harekete ge\u00e7irmektir.<br \/>\nAk\u0131ll\u0131 pazarlamac\u0131 veya i\u015fletme sahibini di\u011ferlerinden ay\u0131ran, herkeste ve her yerde bulunan bu varl\u0131klar\u0131 herkesten farkl\u0131 kullanmas\u0131yla ve bu fark\u0131 hissettirmesiyle ilgilidir.<br \/>\nYeni f\u0131rsatlar, farkl\u0131 yakla\u015f\u0131mlar, de\u011fer ve deneyim tasarlay\u0131p sunmak sizi daima bir ad\u0131m ileriye g\u00f6t\u00fcrecektir. Dijital pazarlamada adaptif ve \u00e7evik olmak, geleneksel pazarlamaya g\u00f6re daha elzemdir.<br \/>\n\u0130novasyon sahibi, deneyimli kadromuzun bilgi ve tecr\u00fcbelerine dayal\u0131 kararlar alarak t\u00fcm ihtiya\u00e7lar\u0131n\u0131za daha h\u0131zl\u0131, verimli, s\u00fcrd\u00fcr\u00fclebilir ve u\u00e7tan uca \u00e7\u00f6z\u00fcmlerimiz ile siz de\u011ferli i\u015f ortaklar\u0131m\u0131z\u0131n daima yan\u0131nday\u0131z.<\/p>\n","protected":false},"excerpt":{"rendered":"<p>D\u0130J\u0130TAL PAZARLAMA Dijital pazarlama, t\u0131pk\u0131 geleneksel pazarlamada oldu\u011fu gibi \u201cmarka ve \u00fcr\u00fcnleri potansiyel m\u00fc\u015fterilere ula\u015ft\u0131rma ve tercih etme sebepleri sunma\u201d faaliyetlerini dijital mecralar ve ara\u00e7lar&hellip;<\/p>\n","protected":false},"author":1,"featured_media":1099,"parent":0,"menu_order":0,"comment_status":"closed","ping_status":"closed","template":"","meta":{"footnotes":""},"class_list":["post-943","page","type-page","status-publish","has-post-thumbnail","hentry"],"_links":{"self":[{"href":"https:\/\/atacompany.com.tr\/tr\/wp-json\/wp\/v2\/pages\/943","targetHints":{"allow":["GET"]}}],"collection":[{"href":"https:\/\/atacompany.com.tr\/tr\/wp-json\/wp\/v2\/pages"}],"about":[{"href":"https:\/\/atacompany.com.tr\/tr\/wp-json\/wp\/v2\/types\/page"}],"author":[{"embeddable":true,"href":"https:\/\/atacompany.com.tr\/tr\/wp-json\/wp\/v2\/users\/1"}],"replies":[{"embeddable":true,"href":"https:\/\/atacompany.com.tr\/tr\/wp-json\/wp\/v2\/comments?post=943"}],"version-history":[{"count":3,"href":"https:\/\/atacompany.com.tr\/tr\/wp-json\/wp\/v2\/pages\/943\/revisions"}],"predecessor-version":[{"id":1196,"href":"https:\/\/atacompany.com.tr\/tr\/wp-json\/wp\/v2\/pages\/943\/revisions\/1196"}],"wp:featuredmedia":[{"embeddable":true,"href":"https:\/\/atacompany.com.tr\/tr\/wp-json\/wp\/v2\/media\/1099"}],"wp:attachment":[{"href":"https:\/\/atacompany.com.tr\/tr\/wp-json\/wp\/v2\/media?parent=943"}],"curies":[{"name":"wp","href":"https:\/\/api.w.org\/{rel}","templated":true}]}}