{"id":937,"date":"2023-05-02T01:45:35","date_gmt":"2023-05-01T22:45:35","guid":{"rendered":"https:\/\/atacompany.com.tr\/?page_id=937"},"modified":"2023-06-04T23:34:03","modified_gmt":"2023-06-04T20:34:03","slug":"is-gelistirme","status":"publish","type":"page","link":"https:\/\/atacompany.com.tr\/tr\/is-gelistirme\/","title":{"rendered":"\u0130\u015e GEL\u0130\u015eT\u0130RME"},"content":{"rendered":"<p><span style=\"color: #005c48;\">\u0130\u015e GEL\u0130\u015eT\u0130RME<\/span><\/p>\n<p>\u0130\u015f geli\u015ftirme; potansiyel pazar ve i\u015flerin ger\u00e7ekle\u015ftirilmesi i\u00e7in haz\u0131rl\u0131klar\u0131 yapan ve i\u015f s\u0131ralamas\u0131n\u0131 haz\u0131rlayan b\u00f6l\u00fcmd\u00fcr. Uygulama, destek ve takip etme a\u015famalar\u0131 ile s\u00fcreci meydana getiren i\u015f geli\u015ftirme, genel itibariyle mevcut imk\u00e2n ve olanaklar\u0131 geli\u015ftirme, yeni imkanlar yaratma ve s\u00fcreci sahada uygulama i\u015flemlerinden sorumludur.<\/p>\n<p>\u00dcr\u00fcn ya da hizmet geli\u015ftirme s\u00fcrecinden pazarlama s\u00fcrecine kadar olduk\u00e7a geni\u015f bir alan\u0131 ilgilendiren ve eksikleri belirleyerek bir strateji geli\u015ftirip bu stratejiyi izleyerek rekabet edilecek sekt\u00f6r analizi, i\u015f geli\u015ftiricilerin yeni bir proje i\u00e7in temel ba\u015flang\u0131\u00e7 ad\u0131mlar\u0131d\u0131r.<\/p>\n<p>\u0130novasyon sahibi, deneyimli kadromuzun bilgi ve tecr\u00fcbelerine dayal\u0131 kararlar alarak t\u00fcm ihtiya\u00e7lar\u0131n\u0131za daha h\u0131zl\u0131, verimli, s\u00fcrd\u00fcr\u00fclebilir ve u\u00e7tan uca \u00e7\u00f6z\u00fcmlerimiz ile siz de\u011ferli i\u015f ortaklar\u0131m\u0131z\u0131n daima yan\u0131nday\u0131z.<\/p>\n","protected":false},"excerpt":{"rendered":"<p>\u0130\u015e GEL\u0130\u015eT\u0130RME \u0130\u015f geli\u015ftirme; potansiyel pazar ve i\u015flerin ger\u00e7ekle\u015ftirilmesi i\u00e7in haz\u0131rl\u0131klar\u0131 yapan ve i\u015f s\u0131ralamas\u0131n\u0131 haz\u0131rlayan b\u00f6l\u00fcmd\u00fcr. Uygulama, destek ve takip etme a\u015famalar\u0131 ile s\u00fcreci&hellip;<\/p>\n","protected":false},"author":1,"featured_media":1109,"parent":0,"menu_order":0,"comment_status":"closed","ping_status":"closed","template":"","meta":{"footnotes":""},"class_list":["post-937","page","type-page","status-publish","has-post-thumbnail","hentry"],"_links":{"self":[{"href":"https:\/\/atacompany.com.tr\/tr\/wp-json\/wp\/v2\/pages\/937","targetHints":{"allow":["GET"]}}],"collection":[{"href":"https:\/\/atacompany.com.tr\/tr\/wp-json\/wp\/v2\/pages"}],"about":[{"href":"https:\/\/atacompany.com.tr\/tr\/wp-json\/wp\/v2\/types\/page"}],"author":[{"embeddable":true,"href":"https:\/\/atacompany.com.tr\/tr\/wp-json\/wp\/v2\/users\/1"}],"replies":[{"embeddable":true,"href":"https:\/\/atacompany.com.tr\/tr\/wp-json\/wp\/v2\/comments?post=937"}],"version-history":[{"count":3,"href":"https:\/\/atacompany.com.tr\/tr\/wp-json\/wp\/v2\/pages\/937\/revisions"}],"predecessor-version":[{"id":1200,"href":"https:\/\/atacompany.com.tr\/tr\/wp-json\/wp\/v2\/pages\/937\/revisions\/1200"}],"wp:featuredmedia":[{"embeddable":true,"href":"https:\/\/atacompany.com.tr\/tr\/wp-json\/wp\/v2\/media\/1109"}],"wp:attachment":[{"href":"https:\/\/atacompany.com.tr\/tr\/wp-json\/wp\/v2\/media?parent=937"}],"curies":[{"name":"wp","href":"https:\/\/api.w.org\/{rel}","templated":true}]}}