{"id":932,"date":"2023-05-02T01:20:12","date_gmt":"2023-05-01T22:20:12","guid":{"rendered":"https:\/\/atacompany.com.tr\/?page_id=932"},"modified":"2023-06-04T23:35:44","modified_gmt":"2023-06-04T20:35:44","slug":"proje-yonetimi","status":"publish","type":"page","link":"https:\/\/atacompany.com.tr\/tr\/proje-yonetimi\/","title":{"rendered":"PROJE Y\u00d6NET\u0130M\u0130"},"content":{"rendered":"<p><span style=\"color: #005c48;\">PROJE Y\u00d6NET\u0130M\u0130<\/span><\/p>\n<p>\u0130\u015f d\u00fcnyas\u0131nda farkl\u0131 b\u00fcy\u00fckl\u00fckteki \u015firketlerin ba\u015far\u0131y\u0131 elde etmek i\u00e7in uygulamas\u0131 gereken bir dizi y\u00f6ntem bulunuyor. Planl\u0131 ve sistematik olunmak ise bunlar\u0131n ba\u015f\u0131nda geliyor. Az hata ile kaliteli i\u015f yapmak proje y\u00f6netimi ile m\u00fcmk\u00fcn olmaktad\u0131r.<\/p>\n<p>Belirlenmi\u015f gereksinimleri kar\u015f\u0131lamak, farkl\u0131 istek ve beklentileri olan payda\u015flar\u0131n y\u00f6netimi, rekabet\u00e7i istekleri dengelemek, ula\u015f\u0131labilir hedefler belirlemek ve beklentileri belirlemek proje y\u00f6netimi sayesinde olabiliyor. Proje y\u00f6netimi; zaman y\u00f6netimi, maliyet y\u00f6netimi, kalite y\u00f6netimi, \u0130K y\u00f6netimi, tedarik y\u00f6netimi, risk y\u00f6netimi ve sat\u0131n alma y\u00f6netimi s\u00fcre\u00e7lerini kaps\u0131yor.<\/p>\n<p>Ba\u015far\u0131l\u0131 proje y\u00f6netimi projenin olu\u015fturulmas\u0131ndan tamamlanmas\u0131na t\u00fcm s\u00fcre\u00e7lerde titizlik g\u00f6sterilmesini gerektiriyor. Proje y\u00f6netimi ba\u015flang\u0131\u00e7, planlama, y\u00fcr\u00fctme, izleme, kontrol etme ve kapan\u0131\u015f s\u00fcre\u00e7lerinden olu\u015fuyor. Her s\u00fcre\u00e7 ba\u015fka s\u00fcre\u00e7leri de i\u00e7eriyor. Proje ekibi g\u00f6rev ve sorumluluklar\u0131 da bu s\u00fcre\u00e7te belirleniyor.<\/p>\n<p>Proje y\u00f6netiminin deneyimli ve tecr\u00fcbeli ki\u015filer taraf\u0131ndan yap\u0131lmas\u0131 projenin beklenen kalitede olmas\u0131n\u0131 sa\u011flamakla birlikte proje y\u00f6netimi s\u00fcrecini de sa\u011fl\u0131kl\u0131 ileti\u015fim kanallar\u0131 olu\u015fturularak proje payda\u015flar\u0131 aras\u0131ndaki anla\u015fmazl\u0131k riski en aza indirilebiliyor. Proje y\u00f6netimi maliyetin etkin ve verimli y\u00f6netilmesinde de son derece etkili olmaktad\u0131r.<\/p>\n<p>\u0130novasyon sahibi, deneyimli kadromuzun bilgi ve tecr\u00fcbelerine dayal\u0131 kararlar alarak t\u00fcm ihtiya\u00e7lar\u0131n\u0131za daha h\u0131zl\u0131, verimli, s\u00fcrd\u00fcr\u00fclebilir ve u\u00e7tan uca \u00e7\u00f6z\u00fcmlerimiz ile siz de\u011ferli i\u015f ortaklar\u0131m\u0131z\u0131n daima yan\u0131nday\u0131z.<\/p>\n","protected":false},"excerpt":{"rendered":"<p>PROJE Y\u00d6NET\u0130M\u0130 \u0130\u015f d\u00fcnyas\u0131nda farkl\u0131 b\u00fcy\u00fckl\u00fckteki \u015firketlerin ba\u015far\u0131y\u0131 elde etmek i\u00e7in uygulamas\u0131 gereken bir dizi y\u00f6ntem bulunuyor. Planl\u0131 ve sistematik olunmak ise bunlar\u0131n ba\u015f\u0131nda geliyor.&hellip;<\/p>\n","protected":false},"author":1,"featured_media":933,"parent":0,"menu_order":0,"comment_status":"closed","ping_status":"closed","template":"","meta":{"footnotes":""},"class_list":["post-932","page","type-page","status-publish","has-post-thumbnail","hentry"],"_links":{"self":[{"href":"https:\/\/atacompany.com.tr\/tr\/wp-json\/wp\/v2\/pages\/932","targetHints":{"allow":["GET"]}}],"collection":[{"href":"https:\/\/atacompany.com.tr\/tr\/wp-json\/wp\/v2\/pages"}],"about":[{"href":"https:\/\/atacompany.com.tr\/tr\/wp-json\/wp\/v2\/types\/page"}],"author":[{"embeddable":true,"href":"https:\/\/atacompany.com.tr\/tr\/wp-json\/wp\/v2\/users\/1"}],"replies":[{"embeddable":true,"href":"https:\/\/atacompany.com.tr\/tr\/wp-json\/wp\/v2\/comments?post=932"}],"version-history":[{"count":3,"href":"https:\/\/atacompany.com.tr\/tr\/wp-json\/wp\/v2\/pages\/932\/revisions"}],"predecessor-version":[{"id":1204,"href":"https:\/\/atacompany.com.tr\/tr\/wp-json\/wp\/v2\/pages\/932\/revisions\/1204"}],"wp:featuredmedia":[{"embeddable":true,"href":"https:\/\/atacompany.com.tr\/tr\/wp-json\/wp\/v2\/media\/933"}],"wp:attachment":[{"href":"https:\/\/atacompany.com.tr\/tr\/wp-json\/wp\/v2\/media?parent=932"}],"curies":[{"name":"wp","href":"https:\/\/api.w.org\/{rel}","templated":true}]}}