{"id":927,"date":"2023-04-13T04:15:52","date_gmt":"2023-04-13T01:15:52","guid":{"rendered":"https:\/\/atacompany.com.tr\/?page_id=927"},"modified":"2023-06-04T23:32:23","modified_gmt":"2023-06-04T20:32:23","slug":"depolama","status":"publish","type":"page","link":"https:\/\/atacompany.com.tr\/tr\/depolama\/","title":{"rendered":"DEPOLAMA"},"content":{"rendered":"<p><span style=\"color: #005c48;\">DEPOLAMA<\/span><\/p>\n<p>Tedarik zincirinin bir kolu olan depolama lojistik hizmetlerinin olmazsa olmazlar\u0131ndand\u0131r. Lojistik depolama ba\u015far\u0131l\u0131 ve g\u00fcvenli bir \u015fekilde yap\u0131lmazsa bu hem olumsuz bir \u015fekilde yap\u0131lan i\u015fe yans\u0131yabilir hem de m\u00fc\u015fteri sadakati a\u00e7\u0131s\u0131ndan sorun yaratabilir. Bu y\u00fczden depo y\u00f6netimi konusu profesyonellik ve ciddiyet gerektirmektedir.<\/p>\n<p>Depolar\u0131n \u00e7e\u015fitleri oldu\u011fu gibi depolama hizmetlerinin de \u00e7e\u015fitleri bulunmaktad\u0131r. Gerek depolanacak \u00fcr\u00fcne gerek sunulan hizmete ba\u011fl\u0131 olarak bu hizmet farkl\u0131l\u0131k g\u00f6sterebilmektedir. Depolama \u00e7e\u015fitleri bu ihtiya\u00e7lar g\u00f6z \u00f6n\u00fcnde bulundurularak kendi i\u00e7erisinde de farkl\u0131l\u0131klar g\u00f6sterebilmektedir. <\/p>\n<p>Lojistik depolama hizmetlerinde a\u00e7\u0131k hava, kapal\u0131 hava ve so\u011fuk hava depolar\u0131 olmak \u00fczere \u00fc\u00e7 farkl\u0131 depo se\u00e7ene\u011fi bulunmaktad\u0131r. Kullan\u0131lacak \u00fcr\u00fcnde depo se\u00e7imi yap\u0131lmadan \u00f6nce hava ile temas\u0131 edip etmedi\u011fi g\u00f6z \u00f6n\u00fcnde bulundurulmal\u0131d\u0131r.<\/p>\n<p>\u0130novasyon sahibi, deneyimli kadromuzun bilgi ve tecr\u00fcbelerine dayal\u0131 kararlar alarak t\u00fcm ihtiya\u00e7lar\u0131n\u0131za daha h\u0131zl\u0131, verimli, s\u00fcrd\u00fcr\u00fclebilir ve u\u00e7tan uca \u00e7\u00f6z\u00fcmlerimiz ile siz de\u011ferli i\u015f ortaklar\u0131m\u0131z\u0131n daima yan\u0131nday\u0131z. <\/p>\n","protected":false},"excerpt":{"rendered":"<p>DEPOLAMA Tedarik zincirinin bir kolu olan depolama lojistik hizmetlerinin olmazsa olmazlar\u0131ndand\u0131r. Lojistik depolama ba\u015far\u0131l\u0131 ve g\u00fcvenli bir \u015fekilde yap\u0131lmazsa bu hem olumsuz bir \u015fekilde yap\u0131lan&hellip;<\/p>\n","protected":false},"author":1,"featured_media":1111,"parent":0,"menu_order":0,"comment_status":"closed","ping_status":"closed","template":"","meta":{"footnotes":""},"class_list":["post-927","page","type-page","status-publish","has-post-thumbnail","hentry"],"_links":{"self":[{"href":"https:\/\/atacompany.com.tr\/tr\/wp-json\/wp\/v2\/pages\/927","targetHints":{"allow":["GET"]}}],"collection":[{"href":"https:\/\/atacompany.com.tr\/tr\/wp-json\/wp\/v2\/pages"}],"about":[{"href":"https:\/\/atacompany.com.tr\/tr\/wp-json\/wp\/v2\/types\/page"}],"author":[{"embeddable":true,"href":"https:\/\/atacompany.com.tr\/tr\/wp-json\/wp\/v2\/users\/1"}],"replies":[{"embeddable":true,"href":"https:\/\/atacompany.com.tr\/tr\/wp-json\/wp\/v2\/comments?post=927"}],"version-history":[{"count":3,"href":"https:\/\/atacompany.com.tr\/tr\/wp-json\/wp\/v2\/pages\/927\/revisions"}],"predecessor-version":[{"id":1195,"href":"https:\/\/atacompany.com.tr\/tr\/wp-json\/wp\/v2\/pages\/927\/revisions\/1195"}],"wp:featuredmedia":[{"embeddable":true,"href":"https:\/\/atacompany.com.tr\/tr\/wp-json\/wp\/v2\/media\/1111"}],"wp:attachment":[{"href":"https:\/\/atacompany.com.tr\/tr\/wp-json\/wp\/v2\/media?parent=927"}],"curies":[{"name":"wp","href":"https:\/\/api.w.org\/{rel}","templated":true}]}}