{"id":918,"date":"2023-04-13T03:55:02","date_gmt":"2023-04-13T00:55:02","guid":{"rendered":"https:\/\/atacompany.com.tr\/?page_id=918"},"modified":"2023-06-05T01:00:50","modified_gmt":"2023-06-04T22:00:50","slug":"kurumsal-egitim","status":"publish","type":"page","link":"https:\/\/atacompany.com.tr\/tr\/kurumsal-egitim\/","title":{"rendered":"KURUMSAL E\u011e\u0130T\u0130M"},"content":{"rendered":"<p><span style=\"color: #005c48;\">KURUMSAL E\u011e\u0130T\u0130M<\/span><\/p>\n<p>\u015eirketiniz ve personellerinizin ihtiya\u00e7 duyabilece\u011fi t\u00fcm konularda, alanlar\u0131nda uzman e\u011fitmen kadromuz ile e\u011fitimlerimizi ger\u00e7ekle\u015ftiriyoruz.<\/p>\n<p>\u0130novasyon sahibi, deneyimli kadromuzun bilgi ve tecr\u00fcbelerine dayal\u0131 kararlar alarak t\u00fcm ihtiya\u00e7lar\u0131n\u0131za daha h\u0131zl\u0131, verimli, s\u00fcrd\u00fcr\u00fclebilir ve u\u00e7tan uca \u00e7\u00f6z\u00fcmlerimiz ile siz de\u011ferli i\u015f ortaklar\u0131m\u0131z\u0131n daima yan\u0131nday\u0131z.<\/p>\n","protected":false},"excerpt":{"rendered":"<p>KURUMSAL E\u011e\u0130T\u0130M \u015eirketiniz ve personellerinizin ihtiya\u00e7 duyabilece\u011fi t\u00fcm konularda, alanlar\u0131nda uzman e\u011fitmen kadromuz ile e\u011fitimlerimizi ger\u00e7ekle\u015ftiriyoruz. \u0130novasyon sahibi, deneyimli kadromuzun bilgi ve tecr\u00fcbelerine dayal\u0131 kararlar&hellip;<\/p>\n","protected":false},"author":1,"featured_media":1217,"parent":0,"menu_order":0,"comment_status":"closed","ping_status":"closed","template":"","meta":{"footnotes":""},"class_list":["post-918","page","type-page","status-publish","has-post-thumbnail","hentry"],"_links":{"self":[{"href":"https:\/\/atacompany.com.tr\/tr\/wp-json\/wp\/v2\/pages\/918","targetHints":{"allow":["GET"]}}],"collection":[{"href":"https:\/\/atacompany.com.tr\/tr\/wp-json\/wp\/v2\/pages"}],"about":[{"href":"https:\/\/atacompany.com.tr\/tr\/wp-json\/wp\/v2\/types\/page"}],"author":[{"embeddable":true,"href":"https:\/\/atacompany.com.tr\/tr\/wp-json\/wp\/v2\/users\/1"}],"replies":[{"embeddable":true,"href":"https:\/\/atacompany.com.tr\/tr\/wp-json\/wp\/v2\/comments?post=918"}],"version-history":[{"count":12,"href":"https:\/\/atacompany.com.tr\/tr\/wp-json\/wp\/v2\/pages\/918\/revisions"}],"predecessor-version":[{"id":1203,"href":"https:\/\/atacompany.com.tr\/tr\/wp-json\/wp\/v2\/pages\/918\/revisions\/1203"}],"wp:featuredmedia":[{"embeddable":true,"href":"https:\/\/atacompany.com.tr\/tr\/wp-json\/wp\/v2\/media\/1217"}],"wp:attachment":[{"href":"https:\/\/atacompany.com.tr\/tr\/wp-json\/wp\/v2\/media?parent=918"}],"curies":[{"name":"wp","href":"https:\/\/api.w.org\/{rel}","templated":true}]}}