{"id":912,"date":"2023-04-13T03:44:44","date_gmt":"2023-04-13T00:44:44","guid":{"rendered":"https:\/\/atacompany.com.tr\/?page_id=912"},"modified":"2023-06-04T23:33:35","modified_gmt":"2023-06-04T20:33:35","slug":"havayolu-tasimaciligi-2","status":"publish","type":"page","link":"https:\/\/atacompany.com.tr\/tr\/havayolu-tasimaciligi-2\/","title":{"rendered":"HAVAYOLU TA\u015eIMACILI\u011eI"},"content":{"rendered":"<p><span style=\"color: #005c48;\">HAVAYOLU TA\u015eIMACILI\u011eI<\/span><\/p>\n<p>Havayolu ta\u015f\u0131mac\u0131l\u0131\u011f\u0131 uluslararas\u0131 lojistik alan\u0131nda hizmet almak isteyen t\u00fcm i\u015fletmelerin beklentisini en \u00fcst d\u00fczeyde sa\u011flamaktad\u0131r. <\/p>\n<p>Havayolu ta\u015f\u0131mac\u0131l\u0131\u011f\u0131 g\u00fcvenilir, h\u0131zl\u0131 ve kaliteli hizmet anlay\u0131\u015f\u0131n\u0131 benimsemi\u015f, k\u00fcreselle\u015fen d\u00fcnya ve serbest piyasa ekonomisi ko\u015fullar\u0131nda m\u00fc\u015fterilerine en \u00fcst d\u00fczey rekabet imkan\u0131n\u0131 da beraberinde sunuyor olmas\u0131 tercih sebebidir.<\/p>\n<p>Lojistik koordinasyonun h\u0131zl\u0131 i\u015flemesi nedeni ile g\u00fcmr\u00fck ve ta\u015f\u0131ma prosed\u00fcrleri kolayl\u0131kla a\u015f\u0131labilmektedir.<\/p>\n<p>Di\u011fer ta\u015f\u0131mac\u0131l\u0131k yollar\u0131 ile k\u0131yasland\u0131\u011f\u0131nda hava ta\u015f\u0131mac\u0131l\u0131\u011f\u0131 k\u0131sa s\u00fcrede ve bir\u00e7ok havayolu \u015firketinin olmas\u0131 nedeniyle de esnek planlama olana\u011f\u0131 sunmaktad\u0131r.<\/p>\n<p>Havayolu ta\u015f\u0131mac\u0131l\u0131\u011f\u0131 her ne kadar h\u0131zl\u0131 olsa da havaliman\u0131ndan iletim deposuna teslim edilebilmesi i\u00e7in karayolu ta\u015f\u0131ma hizmeti gerektirmektedir.<\/p>\n<p>\u0130novasyon sahibi, deneyimli kadromuzun bilgi ve tecr\u00fcbelerine dayal\u0131 kararlar alarak t\u00fcm ihtiya\u00e7lar\u0131n\u0131za daha h\u0131zl\u0131, verimli, s\u00fcrd\u00fcr\u00fclebilir ve u\u00e7tan uca \u00e7\u00f6z\u00fcmlerimiz ile siz de\u011ferli i\u015f ortaklar\u0131m\u0131z\u0131n daima yan\u0131nday\u0131z. <\/p>\n","protected":false},"excerpt":{"rendered":"<p>HAVAYOLU TA\u015eIMACILI\u011eI Havayolu ta\u015f\u0131mac\u0131l\u0131\u011f\u0131 uluslararas\u0131 lojistik alan\u0131nda hizmet almak isteyen t\u00fcm i\u015fletmelerin beklentisini en \u00fcst d\u00fczeyde sa\u011flamaktad\u0131r. Havayolu ta\u015f\u0131mac\u0131l\u0131\u011f\u0131 g\u00fcvenilir, h\u0131zl\u0131 ve kaliteli hizmet anlay\u0131\u015f\u0131n\u0131&hellip;<\/p>\n","protected":false},"author":1,"featured_media":1067,"parent":0,"menu_order":0,"comment_status":"closed","ping_status":"closed","template":"","meta":{"footnotes":""},"class_list":["post-912","page","type-page","status-publish","has-post-thumbnail","hentry"],"_links":{"self":[{"href":"https:\/\/atacompany.com.tr\/tr\/wp-json\/wp\/v2\/pages\/912","targetHints":{"allow":["GET"]}}],"collection":[{"href":"https:\/\/atacompany.com.tr\/tr\/wp-json\/wp\/v2\/pages"}],"about":[{"href":"https:\/\/atacompany.com.tr\/tr\/wp-json\/wp\/v2\/types\/page"}],"author":[{"embeddable":true,"href":"https:\/\/atacompany.com.tr\/tr\/wp-json\/wp\/v2\/users\/1"}],"replies":[{"embeddable":true,"href":"https:\/\/atacompany.com.tr\/tr\/wp-json\/wp\/v2\/comments?post=912"}],"version-history":[{"count":3,"href":"https:\/\/atacompany.com.tr\/tr\/wp-json\/wp\/v2\/pages\/912\/revisions"}],"predecessor-version":[{"id":1198,"href":"https:\/\/atacompany.com.tr\/tr\/wp-json\/wp\/v2\/pages\/912\/revisions\/1198"}],"wp:featuredmedia":[{"embeddable":true,"href":"https:\/\/atacompany.com.tr\/tr\/wp-json\/wp\/v2\/media\/1067"}],"wp:attachment":[{"href":"https:\/\/atacompany.com.tr\/tr\/wp-json\/wp\/v2\/media?parent=912"}],"curies":[{"name":"wp","href":"https:\/\/api.w.org\/{rel}","templated":true}]}}