{"id":907,"date":"2023-04-13T03:41:40","date_gmt":"2023-04-13T00:41:40","guid":{"rendered":"https:\/\/atacompany.com.tr\/?page_id=907"},"modified":"2023-06-04T23:32:02","modified_gmt":"2023-06-04T20:32:02","slug":"denizyolu-tasimaciligi-2","status":"publish","type":"page","link":"https:\/\/atacompany.com.tr\/tr\/denizyolu-tasimaciligi-2\/","title":{"rendered":"DEN\u0130ZYOLU TA\u015eIMACILI\u011eI"},"content":{"rendered":"<p><span style=\"color: #005c48;\">DEN\u0130ZYOLU TA\u015eIMACILI\u011eI<\/span><\/p>\n<p>Denizyolu ta\u015f\u0131mac\u0131l\u0131\u011f\u0131, ticari \u00fcr\u00fcnlerin bir noktadan ba\u015fka bir noktaya ve genellikle bir \u00fclkeden ba\u015fka bir \u00fclkeye kargo gemileri arac\u0131l\u0131\u011f\u0131yla ta\u015f\u0131nmas\u0131 operasyonlar\u0131n\u0131n ger\u00e7ekle\u015ftirilmesidir.<\/p>\n<p>Denizyolu ta\u015f\u0131mac\u0131l\u0131\u011f\u0131 sunmu\u015f oldu\u011fu d\u00fc\u015f\u00fck maliyet avantaj\u0131 ile ithalat ve ihracat yapan bir\u00e7ok i\u015fletmenin tercihindeki \u00f6ncelik sebebidir.<\/p>\n<p>Hem tehlikeli madde ta\u015f\u0131mac\u0131l\u0131\u011f\u0131nda hem de y\u00fcksek hacim ve k\u00fctleye sahip malzemelerin sevkiyat\u0131nda olduk\u00e7a g\u00fcvenli ve avantajl\u0131 imkanlar sa\u011flamaktad\u0131r.<\/p>\n<p>Denizyolu ta\u015f\u0131mac\u0131l\u0131\u011f\u0131, d\u00fc\u015f\u00fck karbon ayak izi sunuyor olmas\u0131 ile de \u00e7evre dostu bir ta\u015f\u0131mac\u0131l\u0131k y\u00f6ntemini beraberinde getirmektedir.<\/p>\n<p>Denizyolu ta\u015f\u0131mac\u0131l\u0131\u011f\u0131 uygun maliyet imk\u00e2n\u0131 sunmu\u015f olsa da limandan iletim deposuna teslim edilebilmesi i\u00e7in karayolu ta\u015f\u0131ma hizmeti gerektirmektedir.<\/p>\n<p>\u0130novasyon sahibi, deneyimli kadromuzun bilgi ve tecr\u00fcbelerine dayal\u0131 kararlar alarak t\u00fcm ihtiya\u00e7lar\u0131n\u0131za daha h\u0131zl\u0131, verimli, s\u00fcrd\u00fcr\u00fclebilir ve u\u00e7tan uca \u00e7\u00f6z\u00fcmlerimiz ile siz de\u011ferli i\u015f ortaklar\u0131m\u0131z\u0131n daima yan\u0131nday\u0131z. <\/p>\n","protected":false},"excerpt":{"rendered":"<p>DEN\u0130ZYOLU TA\u015eIMACILI\u011eI Denizyolu ta\u015f\u0131mac\u0131l\u0131\u011f\u0131, ticari \u00fcr\u00fcnlerin bir noktadan ba\u015fka bir noktaya ve genellikle bir \u00fclkeden ba\u015fka bir \u00fclkeye kargo gemileri arac\u0131l\u0131\u011f\u0131yla ta\u015f\u0131nmas\u0131 operasyonlar\u0131n\u0131n ger\u00e7ekle\u015ftirilmesidir. Denizyolu&hellip;<\/p>\n","protected":false},"author":1,"featured_media":1068,"parent":0,"menu_order":0,"comment_status":"closed","ping_status":"closed","template":"","meta":{"footnotes":""},"class_list":["post-907","page","type-page","status-publish","has-post-thumbnail","hentry"],"_links":{"self":[{"href":"https:\/\/atacompany.com.tr\/tr\/wp-json\/wp\/v2\/pages\/907","targetHints":{"allow":["GET"]}}],"collection":[{"href":"https:\/\/atacompany.com.tr\/tr\/wp-json\/wp\/v2\/pages"}],"about":[{"href":"https:\/\/atacompany.com.tr\/tr\/wp-json\/wp\/v2\/types\/page"}],"author":[{"embeddable":true,"href":"https:\/\/atacompany.com.tr\/tr\/wp-json\/wp\/v2\/users\/1"}],"replies":[{"embeddable":true,"href":"https:\/\/atacompany.com.tr\/tr\/wp-json\/wp\/v2\/comments?post=907"}],"version-history":[{"count":4,"href":"https:\/\/atacompany.com.tr\/tr\/wp-json\/wp\/v2\/pages\/907\/revisions"}],"predecessor-version":[{"id":1194,"href":"https:\/\/atacompany.com.tr\/tr\/wp-json\/wp\/v2\/pages\/907\/revisions\/1194"}],"wp:featuredmedia":[{"embeddable":true,"href":"https:\/\/atacompany.com.tr\/tr\/wp-json\/wp\/v2\/media\/1068"}],"wp:attachment":[{"href":"https:\/\/atacompany.com.tr\/tr\/wp-json\/wp\/v2\/media?parent=907"}],"curies":[{"name":"wp","href":"https:\/\/api.w.org\/{rel}","templated":true}]}}