{"id":902,"date":"2023-04-13T03:36:44","date_gmt":"2023-04-13T00:36:44","guid":{"rendered":"https:\/\/atacompany.com.tr\/?page_id=902"},"modified":"2023-06-04T23:34:52","modified_gmt":"2023-06-04T20:34:52","slug":"karayolu-tasimaciligi-2","status":"publish","type":"page","link":"https:\/\/atacompany.com.tr\/tr\/karayolu-tasimaciligi-2\/","title":{"rendered":"KARAYOLU TA\u015eIMACILI\u011eI"},"content":{"rendered":"<p><span style=\"color: #005c48;\">KARAYOLU TA\u015eIMACILI\u011eI<\/span><\/p>\n<p>Y\u00fcklerin do\u011frudan \u00fcretici firman\u0131n bulundu\u011fu yerden var\u0131\u015f noktas\u0131na kadar olan ve door-to-door olarak adland\u0131ran sevkiyatlar karayolu ta\u015f\u0131mac\u0131l\u0131\u011f\u0131 olarak adland\u0131r\u0131l\u0131r.<br \/>\nGeni\u015f tedarik\u00e7i a\u011f\u0131m\u0131z ile siz i\u015f ortaklar\u0131m\u0131z\u0131n her t\u00fcrl\u00fc ihtiyac\u0131na y\u00f6nelik hizmetler sunmaktay\u0131z.<br \/>\n\u0130novasyon sahibi, deneyimli kadromuzun bilgi ve tecr\u00fcbelerine dayal\u0131 kararlar alarak t\u00fcm ihtiya\u00e7lar\u0131n\u0131za daha h\u0131zl\u0131, verimli, s\u00fcrd\u00fcr\u00fclebilir ve u\u00e7tan uca \u00e7\u00f6z\u00fcmlerimiz ile siz de\u011ferli i\u015f ortaklar\u0131m\u0131z\u0131n daima yan\u0131nday\u0131z.<\/p>\n","protected":false},"excerpt":{"rendered":"<p>KARAYOLU TA\u015eIMACILI\u011eI Y\u00fcklerin do\u011frudan \u00fcretici firman\u0131n bulundu\u011fu yerden var\u0131\u015f noktas\u0131na kadar olan ve door-to-door olarak adland\u0131ran sevkiyatlar karayolu ta\u015f\u0131mac\u0131l\u0131\u011f\u0131 olarak adland\u0131r\u0131l\u0131r. Geni\u015f tedarik\u00e7i a\u011f\u0131m\u0131z ile&hellip;<\/p>\n","protected":false},"author":1,"featured_media":903,"parent":0,"menu_order":0,"comment_status":"closed","ping_status":"closed","template":"","meta":{"footnotes":""},"class_list":["post-902","page","type-page","status-publish","has-post-thumbnail","hentry"],"_links":{"self":[{"href":"https:\/\/atacompany.com.tr\/tr\/wp-json\/wp\/v2\/pages\/902","targetHints":{"allow":["GET"]}}],"collection":[{"href":"https:\/\/atacompany.com.tr\/tr\/wp-json\/wp\/v2\/pages"}],"about":[{"href":"https:\/\/atacompany.com.tr\/tr\/wp-json\/wp\/v2\/types\/page"}],"author":[{"embeddable":true,"href":"https:\/\/atacompany.com.tr\/tr\/wp-json\/wp\/v2\/users\/1"}],"replies":[{"embeddable":true,"href":"https:\/\/atacompany.com.tr\/tr\/wp-json\/wp\/v2\/comments?post=902"}],"version-history":[{"count":3,"href":"https:\/\/atacompany.com.tr\/tr\/wp-json\/wp\/v2\/pages\/902\/revisions"}],"predecessor-version":[{"id":1202,"href":"https:\/\/atacompany.com.tr\/tr\/wp-json\/wp\/v2\/pages\/902\/revisions\/1202"}],"wp:featuredmedia":[{"embeddable":true,"href":"https:\/\/atacompany.com.tr\/tr\/wp-json\/wp\/v2\/media\/903"}],"wp:attachment":[{"href":"https:\/\/atacompany.com.tr\/tr\/wp-json\/wp\/v2\/media?parent=902"}],"curies":[{"name":"wp","href":"https:\/\/api.w.org\/{rel}","templated":true}]}}