{"id":897,"date":"2023-04-13T03:30:25","date_gmt":"2023-04-13T00:30:25","guid":{"rendered":"https:\/\/atacompany.com.tr\/?page_id=897"},"modified":"2023-06-04T23:36:12","modified_gmt":"2023-06-04T20:36:12","slug":"tedarik-zinciri","status":"publish","type":"page","link":"https:\/\/atacompany.com.tr\/tr\/tedarik-zinciri\/","title":{"rendered":"TEDAR\u0130K Z\u0130NC\u0130R\u0130"},"content":{"rendered":"<p><span style=\"color: #005c48;\">TEDAR\u0130K Z\u0130NC\u0130R\u0130<\/span><\/p>\n<p>Tedarik, bir lojistik terimidir. Tedarik kelime anlam\u0131 olarak s\u00f6zl\u00fck anlam\u0131 ara\u015ft\u0131r\u0131p bulma ve elde etmektir. Tedarik; gerekli olan hammadde, makine, alet, malzeme, g\u0131da, \u00fcr\u00fcn ve hizmetlerin tedarik\u00e7ilerden sa\u011flanmas\u0131 durumudur.<\/p>\n<p>Tedarik zinciri ayn\u0131 zamanda \u00fcr\u00fcn\u00fc veya hizmeti orijinal durumundan m\u00fc\u015fteriye ula\u015ft\u0131rmak i\u00e7in at\u0131lan ad\u0131mlar\u0131 da temsil eder.<br \/>\n\u015eirketler, maliyetlerini azaltabilmeleri ve i\u015f ortam\u0131nda rekabet\u00e7i kalabilmeleri i\u00e7in tedarik zincirleri geli\u015ftirir ya da bu hizmeti veren tedarik zinciri alan\u0131nda uzmanla\u015fm\u0131\u015f i\u015f ortaklar\u0131 ile beraberhareket ederler.<\/p>\n<p>Tedarik zinciri y\u00f6netimi \u00e7ok \u00f6nemli bir s\u00fcre\u00e7tir \u00e7\u00fcnk\u00fc optimize edilmi\u015f bir tedarik zinciri daha d\u00fc\u015f\u00fck maliyetler ve daha h\u0131zl\u0131 bir \u00fcretim d\u00f6ng\u00fcs\u00fc sa\u011flar.<\/p>\n<p>Tedarik zincirindeki i\u015flevler, \u00fcr\u00fcn geli\u015ftirme, pazarlama, operasyonlar, da\u011f\u0131t\u0131m, finans ve m\u00fc\u015fteri hizmetlerini i\u00e7erir.<\/p>\n<p>Tedarik zinciri neleri i\u00e7erir dedi\u011fimizde; ara\u015ft\u0131rma, se\u00e7me, planlama, stok kontrol\u00fc, sat\u0131n alma, nakliye, sat\u0131n alma, de\u011ferlendirme \u015feklindedir.<\/p>\n<p>\u0130novasyon sahibi, deneyimli kadromuzun bilgi ve tecr\u00fcbelerine dayal\u0131 kararlar alarak t\u00fcm ihtiya\u00e7lar\u0131n\u0131za daha h\u0131zl\u0131, verimli, s\u00fcrd\u00fcr\u00fclebilir ve u\u00e7tan uca \u00e7\u00f6z\u00fcmlerimiz ile siz de\u011ferli i\u015f ortaklar\u0131m\u0131z\u0131n daima yan\u0131nday\u0131z.<\/p>\n","protected":false},"excerpt":{"rendered":"<p>TEDAR\u0130K Z\u0130NC\u0130R\u0130 Tedarik, bir lojistik terimidir. Tedarik kelime anlam\u0131 olarak s\u00f6zl\u00fck anlam\u0131 ara\u015ft\u0131r\u0131p bulma ve elde etmektir. Tedarik; gerekli olan hammadde, makine, alet, malzeme, g\u0131da,&hellip;<\/p>\n","protected":false},"author":1,"featured_media":1108,"parent":0,"menu_order":0,"comment_status":"closed","ping_status":"closed","template":"","meta":{"footnotes":""},"class_list":["post-897","page","type-page","status-publish","has-post-thumbnail","hentry"],"_links":{"self":[{"href":"https:\/\/atacompany.com.tr\/tr\/wp-json\/wp\/v2\/pages\/897","targetHints":{"allow":["GET"]}}],"collection":[{"href":"https:\/\/atacompany.com.tr\/tr\/wp-json\/wp\/v2\/pages"}],"about":[{"href":"https:\/\/atacompany.com.tr\/tr\/wp-json\/wp\/v2\/types\/page"}],"author":[{"embeddable":true,"href":"https:\/\/atacompany.com.tr\/tr\/wp-json\/wp\/v2\/users\/1"}],"replies":[{"embeddable":true,"href":"https:\/\/atacompany.com.tr\/tr\/wp-json\/wp\/v2\/comments?post=897"}],"version-history":[{"count":3,"href":"https:\/\/atacompany.com.tr\/tr\/wp-json\/wp\/v2\/pages\/897\/revisions"}],"predecessor-version":[{"id":1205,"href":"https:\/\/atacompany.com.tr\/tr\/wp-json\/wp\/v2\/pages\/897\/revisions\/1205"}],"wp:featuredmedia":[{"embeddable":true,"href":"https:\/\/atacompany.com.tr\/tr\/wp-json\/wp\/v2\/media\/1108"}],"wp:attachment":[{"href":"https:\/\/atacompany.com.tr\/tr\/wp-json\/wp\/v2\/media?parent=897"}],"curies":[{"name":"wp","href":"https:\/\/api.w.org\/{rel}","templated":true}]}}