{"id":854,"date":"2023-04-13T03:20:55","date_gmt":"2023-04-13T00:20:55","guid":{"rendered":"https:\/\/atacompany.com.tr\/?page_id=854"},"modified":"2023-06-04T23:33:25","modified_gmt":"2023-06-04T20:33:25","slug":"gumrukleme-3","status":"publish","type":"page","link":"https:\/\/atacompany.com.tr\/tr\/gumrukleme-3\/","title":{"rendered":"G\u00dcMR\u00dcKLEME"},"content":{"rendered":"<p><span style=\"color: #005c48;\">G\u00dcMR\u00dcKLEME<\/span><\/p>\n<p>Yabanc\u0131 bir \u00fclkeyle ger\u00e7ekle\u015ftirilen d\u0131\u015f ticaret faaliyetlerinde, \u00fcr\u00fcn veya hizmetlerin g\u00fcmr\u00fckl\u00fc sahalardan ge\u00e7i\u015fi s\u0131ras\u0131nda devletle olan ili\u015fki ve i\u015flemlerin y\u00fcr\u00fct\u00fclmesi hizmetidir.<\/p>\n<p>T\u00fcrkiye Cumhuriyeti g\u00fcmr\u00fck b\u00f6lgesine giren ve \u00e7\u0131kan e\u015fyaya ve ta\u015f\u0131t ara\u00e7lar\u0131na uygulanmas\u0131 zorunlu mevzuat i\u015flemlerinin ger\u00e7ekle\u015ftirilmesini ifade eder. T\u00fcrkiye Cumhuriyeti g\u00fcmr\u00fck b\u00f6lgesi, T\u00fcrkiye Cumhuriyeti topraklar\u0131n\u0131 kapsar. T\u00fcrkiye kara sular\u0131, i\u00e7 sular\u0131 ve hava sahas\u0131 g\u00fcmr\u00fck b\u00f6lgesine d\u00e2hildir.<\/p>\n<p>4458 say\u0131l\u0131 g\u00fcmr\u00fck kanununun 5. maddesine g\u00f6re b\u00fct\u00fcn ki\u015filer, g\u00fcmr\u00fck mevzuat\u0131 ile \u00f6ng\u00f6r\u00fclen tasarruflar\u0131 ve i\u015flemleri ger\u00e7ekle\u015ftirmek \u00fczere g\u00fcmr\u00fck idarelerindeki i\u015fleri i\u00e7in bir temsilci tayin edebilirler.<\/p>\n<p>G\u00fcmr\u00fck kanununun verdi\u011fi yetki ile g\u00fcmr\u00fck m\u00fc\u015favirleri her t\u00fcrl\u00fc g\u00fcmr\u00fck i\u015flemini takip ederek sonu\u00e7land\u0131rabilirler.<\/p>\n<p>\u0130novasyon sahibi, deneyimli kadromuzun bilgi ve tecr\u00fcbelerine dayal\u0131 kararlar alarak t\u00fcm ihtiya\u00e7lar\u0131n\u0131za daha h\u0131zl\u0131, verimli, s\u00fcrd\u00fcr\u00fclebilir ve u\u00e7tan uca \u00e7\u00f6z\u00fcmlerimiz ile siz de\u011ferli i\u015f ortaklar\u0131m\u0131z\u0131n daima yan\u0131nday\u0131z.<\/p>\n","protected":false},"excerpt":{"rendered":"<p>G\u00dcMR\u00dcKLEME Yabanc\u0131 bir \u00fclkeyle ger\u00e7ekle\u015ftirilen d\u0131\u015f ticaret faaliyetlerinde, \u00fcr\u00fcn veya hizmetlerin g\u00fcmr\u00fckl\u00fc sahalardan ge\u00e7i\u015fi s\u0131ras\u0131nda devletle olan ili\u015fki ve i\u015flemlerin y\u00fcr\u00fct\u00fclmesi hizmetidir. T\u00fcrkiye Cumhuriyeti g\u00fcmr\u00fck&hellip;<\/p>\n","protected":false},"author":1,"featured_media":1104,"parent":0,"menu_order":0,"comment_status":"closed","ping_status":"closed","template":"","meta":{"footnotes":""},"class_list":["post-854","page","type-page","status-publish","has-post-thumbnail","hentry"],"_links":{"self":[{"href":"https:\/\/atacompany.com.tr\/tr\/wp-json\/wp\/v2\/pages\/854","targetHints":{"allow":["GET"]}}],"collection":[{"href":"https:\/\/atacompany.com.tr\/tr\/wp-json\/wp\/v2\/pages"}],"about":[{"href":"https:\/\/atacompany.com.tr\/tr\/wp-json\/wp\/v2\/types\/page"}],"author":[{"embeddable":true,"href":"https:\/\/atacompany.com.tr\/tr\/wp-json\/wp\/v2\/users\/1"}],"replies":[{"embeddable":true,"href":"https:\/\/atacompany.com.tr\/tr\/wp-json\/wp\/v2\/comments?post=854"}],"version-history":[{"count":6,"href":"https:\/\/atacompany.com.tr\/tr\/wp-json\/wp\/v2\/pages\/854\/revisions"}],"predecessor-version":[{"id":1197,"href":"https:\/\/atacompany.com.tr\/tr\/wp-json\/wp\/v2\/pages\/854\/revisions\/1197"}],"wp:featuredmedia":[{"embeddable":true,"href":"https:\/\/atacompany.com.tr\/tr\/wp-json\/wp\/v2\/media\/1104"}],"wp:attachment":[{"href":"https:\/\/atacompany.com.tr\/tr\/wp-json\/wp\/v2\/media?parent=854"}],"curies":[{"name":"wp","href":"https:\/\/api.w.org\/{rel}","templated":true}]}}