{"id":851,"date":"2023-04-09T04:19:19","date_gmt":"2023-04-09T01:19:19","guid":{"rendered":"https:\/\/atacompany.com.tr\/?page_id=851"},"modified":"2023-06-04T23:34:32","modified_gmt":"2023-06-04T20:34:32","slug":"ithalat-ihracat","status":"publish","type":"page","link":"https:\/\/atacompany.com.tr\/tr\/ithalat-ihracat\/","title":{"rendered":"\u0130THALAT-\u0130HRACAT"},"content":{"rendered":"<p><span style=\"color: #005c48;\">\u0130THALAT<\/span><\/p>\n<p>Yurt d\u0131\u015f\u0131nda \u00fcretilmi\u015f bir mal\u0131n, \u00fclkedeki al\u0131c\u0131lar taraf\u0131ndan sat\u0131n al\u0131nmas\u0131na denir. \u0130thalat\u0131n di\u011fer bir ad\u0131 da d\u0131\u015fal\u0131md\u0131r ve ihracat\u0131n kar\u015f\u0131t\u0131 olarak da tan\u0131mlanabilir. D\u0131\u015f ticaret verilerinin en \u00f6nemli ba\u015fl\u0131klar\u0131ndan biri olan ithalat, ihracatla beraber bir \u00fclkenin d\u0131\u015f ticaret dengesini olu\u015fturur.<\/p>\n<p>Bir mal\u0131n, y\u00fcr\u00fcrl\u00fckteki ithalat mevzuat\u0131 ile g\u00fcmr\u00fck mevzuat\u0131na uygun \u015fekilde ba\u015fka \u00fclkelerden veya serbest b\u00f6lgelerden T\u00fcrkiye g\u00fcmr\u00fck b\u00f6lgesine sokulmas\u0131n\u0131 ya da m\u00fcste\u015farl\u0131kla ithalat olarak kabul edilecek ba\u015fka sair giri\u015f ve i\u015flemleri ifade eder.<\/p>\n<p>\u0130novasyon sahibi, deneyimli kadromuzun bilgi ve tecr\u00fcbelerine dayal\u0131 kararlar alarak t\u00fcm ihtiya\u00e7lar\u0131n\u0131za daha h\u0131zl\u0131, verimli, s\u00fcrd\u00fcr\u00fclebilir ve u\u00e7tan uca \u00e7\u00f6z\u00fcmlerimiz ile siz de\u011ferli i\u015f ortaklar\u0131m\u0131z\u0131n daima yan\u0131nday\u0131z.<\/p>\n<p><span style=\"color: #005c48;\">\u0130HRACAT<\/span><\/p>\n<p>Bir \u00fclkede \u00fcretilen bir mal\u0131n, yabanc\u0131 \u00fclkelere d\u00f6viz kar\u015f\u0131l\u0131\u011f\u0131nda sat\u0131lmas\u0131na denir. \u0130hracat\u0131n di\u011fer bir ad\u0131 da d\u0131\u015fsat\u0131md\u0131r ve ithalat\u0131n kar\u015f\u0131t\u0131 olarak da tan\u0131mlanabilir. D\u0131\u015f ticaret verilerinin en \u00f6nemli ba\u015fl\u0131klar\u0131ndan biri olan ihracat, ithalatla beraber bir \u00fclkenin d\u0131\u015f ticaret dengesini olu\u015fturur.<\/p>\n<p>Bir mal\u0131n, y\u00fcr\u00fcrl\u00fckteki ihracat mevzuat\u0131 ile g\u00fcmr\u00fck mevzuat\u0131na uygun \u015fekilde T\u00fcrkiye g\u00fcmr\u00fck b\u00f6lgesi d\u0131\u015f\u0131na veya serbest b\u00f6lgelere \u00e7\u0131kar\u0131lmas\u0131n\u0131 ya da m\u00fcste\u015farl\u0131k\u00e7a ihracat olarak kabul edilecek sair \u00e7\u0131k\u0131\u015f ve i\u015flemleri ifade eder.<\/p>\n<p>\u0130novasyon sahibi, deneyimli kadromuzun bilgi ve tecr\u00fcbelerine dayal\u0131 kararlar alarak t\u00fcm ihtiya\u00e7lar\u0131n\u0131za daha h\u0131zl\u0131, verimli, s\u00fcrd\u00fcr\u00fclebilir ve u\u00e7tan uca \u00e7\u00f6z\u00fcmlerimiz ile siz de\u011ferli i\u015f ortaklar\u0131m\u0131z\u0131n daima yan\u0131nday\u0131z.<\/p>\n","protected":false},"excerpt":{"rendered":"<p>\u0130THALAT Yurt d\u0131\u015f\u0131nda \u00fcretilmi\u015f bir mal\u0131n, \u00fclkedeki al\u0131c\u0131lar taraf\u0131ndan sat\u0131n al\u0131nmas\u0131na denir. \u0130thalat\u0131n di\u011fer bir ad\u0131 da d\u0131\u015fal\u0131md\u0131r ve ihracat\u0131n kar\u015f\u0131t\u0131 olarak da tan\u0131mlanabilir. D\u0131\u015f&hellip;<\/p>\n","protected":false},"author":1,"featured_media":1100,"parent":0,"menu_order":0,"comment_status":"closed","ping_status":"closed","template":"","meta":{"footnotes":""},"class_list":["post-851","page","type-page","status-publish","has-post-thumbnail","hentry"],"_links":{"self":[{"href":"https:\/\/atacompany.com.tr\/tr\/wp-json\/wp\/v2\/pages\/851","targetHints":{"allow":["GET"]}}],"collection":[{"href":"https:\/\/atacompany.com.tr\/tr\/wp-json\/wp\/v2\/pages"}],"about":[{"href":"https:\/\/atacompany.com.tr\/tr\/wp-json\/wp\/v2\/types\/page"}],"author":[{"embeddable":true,"href":"https:\/\/atacompany.com.tr\/tr\/wp-json\/wp\/v2\/users\/1"}],"replies":[{"embeddable":true,"href":"https:\/\/atacompany.com.tr\/tr\/wp-json\/wp\/v2\/comments?post=851"}],"version-history":[{"count":6,"href":"https:\/\/atacompany.com.tr\/tr\/wp-json\/wp\/v2\/pages\/851\/revisions"}],"predecessor-version":[{"id":1201,"href":"https:\/\/atacompany.com.tr\/tr\/wp-json\/wp\/v2\/pages\/851\/revisions\/1201"}],"wp:featuredmedia":[{"embeddable":true,"href":"https:\/\/atacompany.com.tr\/tr\/wp-json\/wp\/v2\/media\/1100"}],"wp:attachment":[{"href":"https:\/\/atacompany.com.tr\/tr\/wp-json\/wp\/v2\/media?parent=851"}],"curies":[{"name":"wp","href":"https:\/\/api.w.org\/{rel}","templated":true}]}}