{"id":820,"date":"2023-04-09T02:16:10","date_gmt":"2023-04-08T23:16:10","guid":{"rendered":"https:\/\/atacompany.com.tr\/?page_id=820"},"modified":"2023-05-03T00:08:14","modified_gmt":"2023-05-02T21:08:14","slug":"misyonumuz","status":"publish","type":"page","link":"https:\/\/atacompany.com.tr\/tr\/misyonumuz\/","title":{"rendered":"M\u0130SYONUMUZ"},"content":{"rendered":"<p>Globalle\u015fen d\u00fcnyam\u0131zda insan ili\u015fkilerinin en b\u00fcy\u00fck temelini g\u00fcven olu\u015fturmaktad\u0131r.<\/p>\n<p>Zaman ise ki\u015fi i\u00e7in telafisi olmayan ve paha bi\u00e7ilmez bir olgudur.<\/p>\n<p>ATA COMPANY olarak i\u015f ortaklar\u0131m\u0131za kar\u015f\u0131 maksimum d\u00fczeyde g\u00fcven sa\u011flamak ve minimum derecede zaman kayb\u0131 ile t\u00fcm ihtiya\u00e7lara kesin \u00e7\u00f6z\u00fcmler \u00fcreterek yeni dostluklar kurmakt\u0131r.<\/p>\n","protected":false},"excerpt":{"rendered":"<p>Globalle\u015fen d\u00fcnyam\u0131zda insan ili\u015fkilerinin en b\u00fcy\u00fck temelini g\u00fcven olu\u015fturmaktad\u0131r. Zaman ise ki\u015fi i\u00e7in telafisi olmayan ve paha bi\u00e7ilmez bir olgudur. ATA COMPANY olarak i\u015f ortaklar\u0131m\u0131za&hellip;<\/p>\n","protected":false},"author":1,"featured_media":939,"parent":0,"menu_order":0,"comment_status":"closed","ping_status":"closed","template":"","meta":{"footnotes":""},"class_list":["post-820","page","type-page","status-publish","has-post-thumbnail","hentry"],"_links":{"self":[{"href":"https:\/\/atacompany.com.tr\/tr\/wp-json\/wp\/v2\/pages\/820","targetHints":{"allow":["GET"]}}],"collection":[{"href":"https:\/\/atacompany.com.tr\/tr\/wp-json\/wp\/v2\/pages"}],"about":[{"href":"https:\/\/atacompany.com.tr\/tr\/wp-json\/wp\/v2\/types\/page"}],"author":[{"embeddable":true,"href":"https:\/\/atacompany.com.tr\/tr\/wp-json\/wp\/v2\/users\/1"}],"replies":[{"embeddable":true,"href":"https:\/\/atacompany.com.tr\/tr\/wp-json\/wp\/v2\/comments?post=820"}],"version-history":[{"count":4,"href":"https:\/\/atacompany.com.tr\/tr\/wp-json\/wp\/v2\/pages\/820\/revisions"}],"predecessor-version":[{"id":1020,"href":"https:\/\/atacompany.com.tr\/tr\/wp-json\/wp\/v2\/pages\/820\/revisions\/1020"}],"wp:featuredmedia":[{"embeddable":true,"href":"https:\/\/atacompany.com.tr\/tr\/wp-json\/wp\/v2\/media\/939"}],"wp:attachment":[{"href":"https:\/\/atacompany.com.tr\/tr\/wp-json\/wp\/v2\/media?parent=820"}],"curies":[{"name":"wp","href":"https:\/\/api.w.org\/{rel}","templated":true}]}}