{"id":817,"date":"2023-04-09T02:06:02","date_gmt":"2023-04-08T23:06:02","guid":{"rendered":"https:\/\/atacompany.com.tr\/?page_id=817"},"modified":"2023-05-03T01:23:23","modified_gmt":"2023-05-02T22:23:23","slug":"firma-profili","status":"publish","type":"page","link":"https:\/\/atacompany.com.tr\/tr\/firma-profili\/","title":{"rendered":"F\u0130RMA PROF\u0130L\u0130"},"content":{"rendered":"<p>ATA COMPANY; Global Ticaret Y\u00f6netimi, \u0130thalat, \u0130hracat, Lojistik, G\u00fcmr\u00fckleme, Mevzuat, Tedarik Zinciri, \u0130\u015f Geli\u015ftirme, Proje Y\u00f6netimi, Dijital Pazarlama ve Dan\u0131\u015fmanl\u0131k gibi her t\u00fcrl\u00fc ihtiyaca y\u00f6nelik hizmetler sunmaktad\u0131r.<\/p>\n<p>\u0130nsan, \u00e7evre ve zaman odakl\u0131 \u00e7al\u0131\u015fma prensibimiz sayesinde ihtiya\u00e7lar\u0131n\u0131za en uygun \u00e7\u00f6z\u00fcmleri kararl\u0131, g\u00fcvenilir, h\u0131zl\u0131, zaman\u0131nda ve kesin \u00e7\u00f6z\u00fcmler \u00fcreterek siz de\u011ferli i\u015f ortaklar\u0131m\u0131za ayr\u0131cal\u0131kl\u0131 hizmetler sunmaktay\u0131z.<\/p>\n","protected":false},"excerpt":{"rendered":"<p>ATA COMPANY; Global Ticaret Y\u00f6netimi, \u0130thalat, \u0130hracat, Lojistik, G\u00fcmr\u00fckleme, Mevzuat, Tedarik Zinciri, \u0130\u015f Geli\u015ftirme, Proje Y\u00f6netimi, Dijital Pazarlama ve Dan\u0131\u015fmanl\u0131k gibi her t\u00fcrl\u00fc ihtiyaca y\u00f6nelik&hellip;<\/p>\n","protected":false},"author":1,"featured_media":1033,"parent":0,"menu_order":0,"comment_status":"closed","ping_status":"closed","template":"","meta":{"footnotes":""},"class_list":["post-817","page","type-page","status-publish","has-post-thumbnail","hentry"],"_links":{"self":[{"href":"https:\/\/atacompany.com.tr\/tr\/wp-json\/wp\/v2\/pages\/817","targetHints":{"allow":["GET"]}}],"collection":[{"href":"https:\/\/atacompany.com.tr\/tr\/wp-json\/wp\/v2\/pages"}],"about":[{"href":"https:\/\/atacompany.com.tr\/tr\/wp-json\/wp\/v2\/types\/page"}],"author":[{"embeddable":true,"href":"https:\/\/atacompany.com.tr\/tr\/wp-json\/wp\/v2\/users\/1"}],"replies":[{"embeddable":true,"href":"https:\/\/atacompany.com.tr\/tr\/wp-json\/wp\/v2\/comments?post=817"}],"version-history":[{"count":3,"href":"https:\/\/atacompany.com.tr\/tr\/wp-json\/wp\/v2\/pages\/817\/revisions"}],"predecessor-version":[{"id":1018,"href":"https:\/\/atacompany.com.tr\/tr\/wp-json\/wp\/v2\/pages\/817\/revisions\/1018"}],"wp:featuredmedia":[{"embeddable":true,"href":"https:\/\/atacompany.com.tr\/tr\/wp-json\/wp\/v2\/media\/1033"}],"wp:attachment":[{"href":"https:\/\/atacompany.com.tr\/tr\/wp-json\/wp\/v2\/media?parent=817"}],"curies":[{"name":"wp","href":"https:\/\/api.w.org\/{rel}","templated":true}]}}