{"id":199,"date":"2018-02-28T07:02:35","date_gmt":"2018-02-28T07:02:35","guid":{"rendered":"http:\/\/offshorethemes.com\/demo\/sparkconstruction\/?page_id=199"},"modified":"2023-06-13T23:51:44","modified_gmt":"2023-06-13T20:51:44","slug":"hakkimizda","status":"publish","type":"page","link":"https:\/\/atacompany.com.tr\/tr\/hakkimizda\/","title":{"rendered":"Hakk\u0131m\u0131zda"},"content":{"rendered":"<div id=\"pl-199\"  class=\"panel-layout\" ><div id=\"pg-199-0\"  class=\"panel-grid panel-no-style\" ><div id=\"pgc-199-0-0\"  class=\"panel-grid-cell\" ><div id=\"panel-199-0-0-0\" class=\"so-panel widget widget_sow-editor panel-first-child panel-last-child\" data-index=\"0\" ><div\n\t\t\t\n\t\t\tclass=\"so-widget-sow-editor so-widget-sow-editor-base\"\n\t\t\t\n\t\t>\n<div class=\"siteorigin-widget-tinymce textwidget\">\n\t<h3 style=\"text-align: center;\"><strong><span style=\"color: #006b54;\">F\u0130RMA PROF\u0130L\u0130<\/span><\/strong><\/h3>\n<p style=\"text-align: center;\">ATA COMPANY; Global Ticaret Y\u00f6netimi, \u0130thalat, \u0130hracat, Lojistik, G\u00fcmr\u00fckleme, Mevzuat, Tedarik Zinciri, \u0130\u015f Geli\u015ftirme, Proje Y\u00f6netimi, Dijital Pazarlama ve Dan\u0131\u015fmanl\u0131k gibi her t\u00fcrl\u00fc ihtiyaca y\u00f6nelik hizmetler sunmaktad\u0131r. \u0130nsan, \u00e7evre ve zaman odakl\u0131 \u00e7al\u0131\u015fma prensibimiz sayesinde ihtiya\u00e7lar\u0131n\u0131za en uygun \u00e7\u00f6z\u00fcmleri kararl\u0131, g\u00fcvenilir, h\u0131zl\u0131, zaman\u0131nda ve kesin \u00e7\u00f6z\u00fcmler \u00fcreterek siz de\u011ferli i\u015f ortaklar\u0131m\u0131za ayr\u0131cal\u0131kl\u0131 hizmetler sunmaktay\u0131z.<\/p>\n<\/div>\n<\/div><\/div><\/div><\/div><div id=\"pg-199-1\"  class=\"panel-grid panel-no-style\" ><div id=\"pgc-199-1-0\"  class=\"panel-grid-cell\" ><div id=\"panel-199-1-0-0\" class=\"so-panel widget widget_sow-editor panel-first-child panel-last-child\" data-index=\"1\" ><div\n\t\t\t\n\t\t\tclass=\"so-widget-sow-editor so-widget-sow-editor-base\"\n\t\t\t\n\t\t>\n<div class=\"siteorigin-widget-tinymce textwidget\">\n\t<h3 style=\"text-align: center;\"><strong><span style=\"color: #006b54;\">M\u0130SYONUMUZ<\/span><\/strong><\/h3>\n<p style=\"text-align: center;\">Globalle\u015fen d\u00fcnyam\u0131zda insan ili\u015fkilerinin en b\u00fcy\u00fck temelini g\u00fcven olu\u015fturmaktad\u0131r.<br \/>\nZaman ise ki\u015fi i\u00e7in telafisi olmayan ve paha bi\u00e7ilmez bir olgudur.<br \/>\nATA COMPANY olarak i\u015f ortaklar\u0131m\u0131za kar\u015f\u0131 maksimum d\u00fczeyde g\u00fcven sa\u011flamak ve minimum derecede zaman kayb\u0131 ile t\u00fcm ihtiya\u00e7lara kesin \u00e7\u00f6z\u00fcmler \u00fcreterek yeni dostluklar kurmakt\u0131r.<\/p>\n<\/div>\n<\/div><\/div><\/div><\/div><div id=\"pg-199-2\"  class=\"panel-grid panel-no-style\" ><div id=\"pgc-199-2-0\"  class=\"panel-grid-cell\" ><div id=\"panel-199-2-0-0\" class=\"so-panel widget widget_sow-editor panel-first-child panel-last-child\" data-index=\"2\" ><div\n\t\t\t\n\t\t\tclass=\"so-widget-sow-editor so-widget-sow-editor-base\"\n\t\t\t\n\t\t>\n<div class=\"siteorigin-widget-tinymce textwidget\">\n\t<h3 style=\"text-align: center;\"><strong><span style=\"color: #006B54;\">V\u0130ZYONUMUZ<\/span><\/strong><\/h3>\n<p style=\"text-align: center;\">G\u00fcven ve Zaman Kazanmak, Kazand\u0131rmak.<\/p>\n<\/div>\n<\/div><\/div><\/div><\/div><\/div>","protected":false},"excerpt":{"rendered":"<p>F\u0130RMA PROF\u0130L\u0130 ATA COMPANY; Global Ticaret Y\u00f6netimi, \u0130thalat, \u0130hracat, Lojistik, G\u00fcmr\u00fckleme, Mevzuat, Tedarik Zinciri, \u0130\u015f Geli\u015ftirme, Proje Y\u00f6netimi, Dijital Pazarlama ve Dan\u0131\u015fmanl\u0131k gibi her t\u00fcrl\u00fc&hellip;<\/p>\n","protected":false},"author":1,"featured_media":758,"parent":0,"menu_order":0,"comment_status":"closed","ping_status":"closed","template":"template-pagebuilder.php","meta":{"footnotes":""},"class_list":["post-199","page","type-page","status-publish","has-post-thumbnail","hentry"],"_links":{"self":[{"href":"https:\/\/atacompany.com.tr\/tr\/wp-json\/wp\/v2\/pages\/199","targetHints":{"allow":["GET"]}}],"collection":[{"href":"https:\/\/atacompany.com.tr\/tr\/wp-json\/wp\/v2\/pages"}],"about":[{"href":"https:\/\/atacompany.com.tr\/tr\/wp-json\/wp\/v2\/types\/page"}],"author":[{"embeddable":true,"href":"https:\/\/atacompany.com.tr\/tr\/wp-json\/wp\/v2\/users\/1"}],"replies":[{"embeddable":true,"href":"https:\/\/atacompany.com.tr\/tr\/wp-json\/wp\/v2\/comments?post=199"}],"version-history":[{"count":29,"href":"https:\/\/atacompany.com.tr\/tr\/wp-json\/wp\/v2\/pages\/199\/revisions"}],"predecessor-version":[{"id":1227,"href":"https:\/\/atacompany.com.tr\/tr\/wp-json\/wp\/v2\/pages\/199\/revisions\/1227"}],"wp:featuredmedia":[{"embeddable":true,"href":"https:\/\/atacompany.com.tr\/tr\/wp-json\/wp\/v2\/media\/758"}],"wp:attachment":[{"href":"https:\/\/atacompany.com.tr\/tr\/wp-json\/wp\/v2\/media?parent=199"}],"curies":[{"name":"wp","href":"https:\/\/api.w.org\/{rel}","templated":true}]}}