{"id":947,"date":"2023-05-02T02:21:27","date_gmt":"2023-05-01T23:21:27","guid":{"rendered":"https:\/\/atacompany.com.tr\/?page_id=947"},"modified":"2023-06-04T23:31:38","modified_gmt":"2023-06-04T20:31:38","slug":"danismanlik","status":"publish","type":"page","link":"https:\/\/atacompany.com.tr\/en\/danismanlik\/","title":{"rendered":"CONSULTANTSHIP"},"content":{"rendered":"<p><span style=\"color: #005c48;\">CONSULTANTSHIP<\/span><\/p>\n<p>\u2022 Management Consulting<br \/>\n\u2022 Production Consulting<br \/>\n\u2022 Human Resources Consulting<br \/>\n\u2022 Marketing Consulting<br \/>\n\u2022 Finance and Accounting Consulting<br \/>\n\u2022 Procurement Consulting<br \/>\n\u2022 R&amp;D (Research and Development) Consulting<br \/>\n\u2022 Administrative Management Consulting<br \/>\n\u2022 International Transactions Consulting<br \/>\n\u2022 IT (Information Technology) Consulting<br \/>\n\u2022 Feasibility and Business Plan Preparation Consulting<br \/>\n\u2022 Machinery Layout Consulting<br \/>\n\u2022 Import-Export Consulting<br \/>\n\u2022 Project Management Consulting<\/p>","protected":false},"excerpt":{"rendered":"<p>DANI\u015eMANLIK \u2022 Y\u00f6netim Dan\u0131\u015fmanl\u0131\u011f\u0131 \u2022 \u00dcretim Dan\u0131\u015fmanl\u0131\u011f\u0131 \u2022 \u0130nsan Kaynaklar\u0131 Dan\u0131\u015fmanl\u0131\u011f\u0131 \u2022 Pazarlama Dan\u0131\u015fmanl\u0131\u011f\u0131 \u2022 Finans ve Muhasebe Dan\u0131\u015fmanl\u0131\u011f\u0131 \u2022 Sat\u0131n Alma Dan\u0131\u015fmanl\u0131\u011f\u0131 \u2022 Ar-Ge&hellip;<\/p>","protected":false},"author":1,"featured_media":948,"parent":0,"menu_order":0,"comment_status":"closed","ping_status":"closed","template":"","meta":{"footnotes":""},"class_list":["post-947","page","type-page","status-publish","has-post-thumbnail","hentry"],"_links":{"self":[{"href":"https:\/\/atacompany.com.tr\/en\/wp-json\/wp\/v2\/pages\/947","targetHints":{"allow":["GET"]}}],"collection":[{"href":"https:\/\/atacompany.com.tr\/en\/wp-json\/wp\/v2\/pages"}],"about":[{"href":"https:\/\/atacompany.com.tr\/en\/wp-json\/wp\/v2\/types\/page"}],"author":[{"embeddable":true,"href":"https:\/\/atacompany.com.tr\/en\/wp-json\/wp\/v2\/users\/1"}],"replies":[{"embeddable":true,"href":"https:\/\/atacompany.com.tr\/en\/wp-json\/wp\/v2\/comments?post=947"}],"version-history":[{"count":3,"href":"https:\/\/atacompany.com.tr\/en\/wp-json\/wp\/v2\/pages\/947\/revisions"}],"predecessor-version":[{"id":1193,"href":"https:\/\/atacompany.com.tr\/en\/wp-json\/wp\/v2\/pages\/947\/revisions\/1193"}],"wp:featuredmedia":[{"embeddable":true,"href":"https:\/\/atacompany.com.tr\/en\/wp-json\/wp\/v2\/media\/948"}],"wp:attachment":[{"href":"https:\/\/atacompany.com.tr\/en\/wp-json\/wp\/v2\/media?parent=947"}],"curies":[{"name":"wp","href":"https:\/\/api.w.org\/{rel}","templated":true}]}}