{"id":943,"date":"2023-05-02T02:01:21","date_gmt":"2023-05-01T23:01:21","guid":{"rendered":"https:\/\/atacompany.com.tr\/?page_id=943"},"modified":"2023-06-04T23:32:39","modified_gmt":"2023-06-04T20:32:39","slug":"dijital-pazarlama","status":"publish","type":"page","link":"https:\/\/atacompany.com.tr\/en\/dijital-pazarlama\/","title":{"rendered":"DIGITAL MARKETING"},"content":{"rendered":"<p><span style=\"color: #005c48;\">DIGITAL MARKETING<\/span><\/p>\n<p>Digital marketing, just like traditional marketing, involves reaching potential customers and presenting reasons for them to choose a brand or product, but it utilizes digital channels and tools to do so.<\/p>\n<p>Marketing is not about you; it is about your customers and how you solve their problems.<\/p>\n<p>All marketing activities aim to create awareness about a product or brand among potential customers and guide them towards the sales stage.<\/p>\n<p>Common types of digital marketing, such as social media, websites, online advertisements, and email marketing, focus on helping businesses reach potential buyers, as well as prompting action from existing customers.<br \/>\nWhat sets apart a smart marketer or business owner is their ability to leverage these ubiquitous assets differently from others, and to create a distinct impression.<br \/>\nBeing adaptive and agile is essential in digital marketing, as it presents new opportunities, different approaches, and the ability to design and deliver value and experiences.<br \/>\nWith our innovative and experienced team, we make decisions based on their knowledge and expertise, providing faster, more efficient, sustainable, end-to-end solutions to meet all your needs. We are always by the side of our esteemed business partners.<\/p>","protected":false},"excerpt":{"rendered":"<p>D\u0130J\u0130TAL PAZARLAMA Dijital pazarlama, t\u0131pk\u0131 geleneksel pazarlamada oldu\u011fu gibi \u201cmarka ve \u00fcr\u00fcnleri potansiyel m\u00fc\u015fterilere ula\u015ft\u0131rma ve tercih etme sebepleri sunma\u201d faaliyetlerini dijital mecralar ve ara\u00e7lar&hellip;<\/p>","protected":false},"author":1,"featured_media":1099,"parent":0,"menu_order":0,"comment_status":"closed","ping_status":"closed","template":"","meta":{"footnotes":""},"class_list":["post-943","page","type-page","status-publish","has-post-thumbnail","hentry"],"_links":{"self":[{"href":"https:\/\/atacompany.com.tr\/en\/wp-json\/wp\/v2\/pages\/943","targetHints":{"allow":["GET"]}}],"collection":[{"href":"https:\/\/atacompany.com.tr\/en\/wp-json\/wp\/v2\/pages"}],"about":[{"href":"https:\/\/atacompany.com.tr\/en\/wp-json\/wp\/v2\/types\/page"}],"author":[{"embeddable":true,"href":"https:\/\/atacompany.com.tr\/en\/wp-json\/wp\/v2\/users\/1"}],"replies":[{"embeddable":true,"href":"https:\/\/atacompany.com.tr\/en\/wp-json\/wp\/v2\/comments?post=943"}],"version-history":[{"count":3,"href":"https:\/\/atacompany.com.tr\/en\/wp-json\/wp\/v2\/pages\/943\/revisions"}],"predecessor-version":[{"id":1196,"href":"https:\/\/atacompany.com.tr\/en\/wp-json\/wp\/v2\/pages\/943\/revisions\/1196"}],"wp:featuredmedia":[{"embeddable":true,"href":"https:\/\/atacompany.com.tr\/en\/wp-json\/wp\/v2\/media\/1099"}],"wp:attachment":[{"href":"https:\/\/atacompany.com.tr\/en\/wp-json\/wp\/v2\/media?parent=943"}],"curies":[{"name":"wp","href":"https:\/\/api.w.org\/{rel}","templated":true}]}}