{"id":937,"date":"2023-05-02T01:45:35","date_gmt":"2023-05-01T22:45:35","guid":{"rendered":"https:\/\/atacompany.com.tr\/?page_id=937"},"modified":"2023-06-04T23:34:03","modified_gmt":"2023-06-04T20:34:03","slug":"is-gelistirme","status":"publish","type":"page","link":"https:\/\/atacompany.com.tr\/en\/is-gelistirme\/","title":{"rendered":"BUSINESS DEVELOPMENT"},"content":{"rendered":"<p><span style=\"color: #005c48;\">BUSINESS DEVELOPMENT<\/span><\/p>\n<p>Business Development is a department that prepares preparations for potential markets and business operations and creates a business pipeline. Business Development is responsible for developing existing resources and creating new opportunities, as well as implementing and monitoring the process through application, support, and follow-up stages.<\/p>\n<p>Covering a wide range from product or service development to marketing processes, Business Development identifies gaps, develops a strategy, and follows this strategy to analyze the sector to be competitive. These are the initial steps for a new project taken by business developers.<\/p>\n<p>With our innovative and experienced team, we make decisions based on their knowledge and expertise, providing faster, more efficient, sustainable, end-to-end solutions to meet all your needs. We are always by the side of our esteemed business partners.<\/p>","protected":false},"excerpt":{"rendered":"<p>\u0130\u015e GEL\u0130\u015eT\u0130RME \u0130\u015f geli\u015ftirme; potansiyel pazar ve i\u015flerin ger\u00e7ekle\u015ftirilmesi i\u00e7in haz\u0131rl\u0131klar\u0131 yapan ve i\u015f s\u0131ralamas\u0131n\u0131 haz\u0131rlayan b\u00f6l\u00fcmd\u00fcr. Uygulama, destek ve takip etme a\u015famalar\u0131 ile s\u00fcreci&hellip;<\/p>","protected":false},"author":1,"featured_media":1109,"parent":0,"menu_order":0,"comment_status":"closed","ping_status":"closed","template":"","meta":{"footnotes":""},"class_list":["post-937","page","type-page","status-publish","has-post-thumbnail","hentry"],"_links":{"self":[{"href":"https:\/\/atacompany.com.tr\/en\/wp-json\/wp\/v2\/pages\/937","targetHints":{"allow":["GET"]}}],"collection":[{"href":"https:\/\/atacompany.com.tr\/en\/wp-json\/wp\/v2\/pages"}],"about":[{"href":"https:\/\/atacompany.com.tr\/en\/wp-json\/wp\/v2\/types\/page"}],"author":[{"embeddable":true,"href":"https:\/\/atacompany.com.tr\/en\/wp-json\/wp\/v2\/users\/1"}],"replies":[{"embeddable":true,"href":"https:\/\/atacompany.com.tr\/en\/wp-json\/wp\/v2\/comments?post=937"}],"version-history":[{"count":3,"href":"https:\/\/atacompany.com.tr\/en\/wp-json\/wp\/v2\/pages\/937\/revisions"}],"predecessor-version":[{"id":1200,"href":"https:\/\/atacompany.com.tr\/en\/wp-json\/wp\/v2\/pages\/937\/revisions\/1200"}],"wp:featuredmedia":[{"embeddable":true,"href":"https:\/\/atacompany.com.tr\/en\/wp-json\/wp\/v2\/media\/1109"}],"wp:attachment":[{"href":"https:\/\/atacompany.com.tr\/en\/wp-json\/wp\/v2\/media?parent=937"}],"curies":[{"name":"wp","href":"https:\/\/api.w.org\/{rel}","templated":true}]}}