{"id":912,"date":"2023-04-13T03:44:44","date_gmt":"2023-04-13T00:44:44","guid":{"rendered":"https:\/\/atacompany.com.tr\/?page_id=912"},"modified":"2023-06-04T23:33:35","modified_gmt":"2023-06-04T20:33:35","slug":"havayolu-tasimaciligi-2","status":"publish","type":"page","link":"https:\/\/atacompany.com.tr\/en\/havayolu-tasimaciligi-2\/","title":{"rendered":"AIR FREIGHT"},"content":{"rendered":"<p><span style=\"color: #005c48;\">AIR FREIGHT<\/span><\/p>\n<p>Air transportation provides the highest level of satisfaction for all businesses seeking international logistics services. <\/p>\n<p>Embracing a reliable, fast, and high-quality service approach, air transportation offers customers the opportunity for maximum competitiveness in the globalized world and free market economy.<\/p>\n<p>Due to the swift coordination of logistics operations, customs and transportation procedures can be easily overcome.<\/p>\n<p>Compared to other modes of transportation, air transportation offers the advantage of rapid delivery and flexible planning due to the presence of numerous airlines.<\/p>\n<p>Although air transportation is fast, it requires road transportation services for delivery from the airport to the warehouse.<\/p>\n<p>With our innovative and experienced team, we make decisions based on their knowledge and expertise, providing faster, more efficient, sustainable, end-to-end solutions to meet all your needs. We are always by the side of our esteemed business partners. <\/p>","protected":false},"excerpt":{"rendered":"<p>HAVAYOLU TA\u015eIMACILI\u011eI Havayolu ta\u015f\u0131mac\u0131l\u0131\u011f\u0131 uluslararas\u0131 lojistik alan\u0131nda hizmet almak isteyen t\u00fcm i\u015fletmelerin beklentisini en \u00fcst d\u00fczeyde sa\u011flamaktad\u0131r. Havayolu ta\u015f\u0131mac\u0131l\u0131\u011f\u0131 g\u00fcvenilir, h\u0131zl\u0131 ve kaliteli hizmet anlay\u0131\u015f\u0131n\u0131&hellip;<\/p>","protected":false},"author":1,"featured_media":1067,"parent":0,"menu_order":0,"comment_status":"closed","ping_status":"closed","template":"","meta":{"footnotes":""},"class_list":["post-912","page","type-page","status-publish","has-post-thumbnail","hentry"],"_links":{"self":[{"href":"https:\/\/atacompany.com.tr\/en\/wp-json\/wp\/v2\/pages\/912","targetHints":{"allow":["GET"]}}],"collection":[{"href":"https:\/\/atacompany.com.tr\/en\/wp-json\/wp\/v2\/pages"}],"about":[{"href":"https:\/\/atacompany.com.tr\/en\/wp-json\/wp\/v2\/types\/page"}],"author":[{"embeddable":true,"href":"https:\/\/atacompany.com.tr\/en\/wp-json\/wp\/v2\/users\/1"}],"replies":[{"embeddable":true,"href":"https:\/\/atacompany.com.tr\/en\/wp-json\/wp\/v2\/comments?post=912"}],"version-history":[{"count":3,"href":"https:\/\/atacompany.com.tr\/en\/wp-json\/wp\/v2\/pages\/912\/revisions"}],"predecessor-version":[{"id":1198,"href":"https:\/\/atacompany.com.tr\/en\/wp-json\/wp\/v2\/pages\/912\/revisions\/1198"}],"wp:featuredmedia":[{"embeddable":true,"href":"https:\/\/atacompany.com.tr\/en\/wp-json\/wp\/v2\/media\/1067"}],"wp:attachment":[{"href":"https:\/\/atacompany.com.tr\/en\/wp-json\/wp\/v2\/media?parent=912"}],"curies":[{"name":"wp","href":"https:\/\/api.w.org\/{rel}","templated":true}]}}