{"id":907,"date":"2023-04-13T03:41:40","date_gmt":"2023-04-13T00:41:40","guid":{"rendered":"https:\/\/atacompany.com.tr\/?page_id=907"},"modified":"2023-06-04T23:32:02","modified_gmt":"2023-06-04T20:32:02","slug":"denizyolu-tasimaciligi-2","status":"publish","type":"page","link":"https:\/\/atacompany.com.tr\/en\/denizyolu-tasimaciligi-2\/","title":{"rendered":"SEA FREIGHT"},"content":{"rendered":"<p><span style=\"color: #005c48;\">SEA FREIGHT<\/span><\/p>\n<p>Sea transportation, also known as maritime transportation, refers to the operations of transporting commercial goods from one point to another, typically between countries, using cargo ships.<\/p>\n<p>Sea transportation is preferred by many businesses engaged in import and export due to its cost-effectiveness. It provides a significant advantage in terms of low transportation costs.<\/p>\n<p>It offers secure and advantageous opportunities for both the transportation of dangerous goods and the shipment of high-volume and heavy materials.<\/p>\n<p>Sea transportation is also considered an environmentally friendly method of transportation, as it has a low carbon footprint.<\/p>\n<p>Although sea transportation provides cost advantages, it requires additional road transportation services for delivery from the port to the final destination.<\/p>\n<p>With our innovative and experienced team, we make decisions based on their knowledge and expertise, providing faster, more efficient, sustainable, end-to-end solutions to meet all your needs. We are always by the side of our esteemed business partners. <\/p>","protected":false},"excerpt":{"rendered":"<p>DEN\u0130ZYOLU TA\u015eIMACILI\u011eI Denizyolu ta\u015f\u0131mac\u0131l\u0131\u011f\u0131, ticari \u00fcr\u00fcnlerin bir noktadan ba\u015fka bir noktaya ve genellikle bir \u00fclkeden ba\u015fka bir \u00fclkeye kargo gemileri arac\u0131l\u0131\u011f\u0131yla ta\u015f\u0131nmas\u0131 operasyonlar\u0131n\u0131n ger\u00e7ekle\u015ftirilmesidir. Denizyolu&hellip;<\/p>","protected":false},"author":1,"featured_media":1068,"parent":0,"menu_order":0,"comment_status":"closed","ping_status":"closed","template":"","meta":{"footnotes":""},"class_list":["post-907","page","type-page","status-publish","has-post-thumbnail","hentry"],"_links":{"self":[{"href":"https:\/\/atacompany.com.tr\/en\/wp-json\/wp\/v2\/pages\/907","targetHints":{"allow":["GET"]}}],"collection":[{"href":"https:\/\/atacompany.com.tr\/en\/wp-json\/wp\/v2\/pages"}],"about":[{"href":"https:\/\/atacompany.com.tr\/en\/wp-json\/wp\/v2\/types\/page"}],"author":[{"embeddable":true,"href":"https:\/\/atacompany.com.tr\/en\/wp-json\/wp\/v2\/users\/1"}],"replies":[{"embeddable":true,"href":"https:\/\/atacompany.com.tr\/en\/wp-json\/wp\/v2\/comments?post=907"}],"version-history":[{"count":4,"href":"https:\/\/atacompany.com.tr\/en\/wp-json\/wp\/v2\/pages\/907\/revisions"}],"predecessor-version":[{"id":1194,"href":"https:\/\/atacompany.com.tr\/en\/wp-json\/wp\/v2\/pages\/907\/revisions\/1194"}],"wp:featuredmedia":[{"embeddable":true,"href":"https:\/\/atacompany.com.tr\/en\/wp-json\/wp\/v2\/media\/1068"}],"wp:attachment":[{"href":"https:\/\/atacompany.com.tr\/en\/wp-json\/wp\/v2\/media?parent=907"}],"curies":[{"name":"wp","href":"https:\/\/api.w.org\/{rel}","templated":true}]}}