{"id":902,"date":"2023-04-13T03:36:44","date_gmt":"2023-04-13T00:36:44","guid":{"rendered":"https:\/\/atacompany.com.tr\/?page_id=902"},"modified":"2023-06-04T23:34:52","modified_gmt":"2023-06-04T20:34:52","slug":"karayolu-tasimaciligi-2","status":"publish","type":"page","link":"https:\/\/atacompany.com.tr\/en\/karayolu-tasimaciligi-2\/","title":{"rendered":"ROAD FREIGHT"},"content":{"rendered":"<p><span style=\"color: #005c48;\">ROAD FREIGHT<\/span><\/p>\n<p>Road transportation refers to the shipment of goods directly from the producer's location to the destination, covering the entire journey from door to door.<br \/>\nWith our extensive supplier network, we provide services tailored to meet all your needs as our business partners.<br \/>\nWith our innovative and experienced team, we make decisions based on their knowledge and expertise, providing faster, more efficient, sustainable, end-to-end solutions to meet all your needs. We are always by the side of our esteemed business partners.<\/p>","protected":false},"excerpt":{"rendered":"<p>KARAYOLU TA\u015eIMACILI\u011eI Y\u00fcklerin do\u011frudan \u00fcretici firman\u0131n bulundu\u011fu yerden var\u0131\u015f noktas\u0131na kadar olan ve door-to-door olarak adland\u0131ran sevkiyatlar karayolu ta\u015f\u0131mac\u0131l\u0131\u011f\u0131 olarak adland\u0131r\u0131l\u0131r. Geni\u015f tedarik\u00e7i a\u011f\u0131m\u0131z ile&hellip;<\/p>","protected":false},"author":1,"featured_media":903,"parent":0,"menu_order":0,"comment_status":"closed","ping_status":"closed","template":"","meta":{"footnotes":""},"class_list":["post-902","page","type-page","status-publish","has-post-thumbnail","hentry"],"_links":{"self":[{"href":"https:\/\/atacompany.com.tr\/en\/wp-json\/wp\/v2\/pages\/902","targetHints":{"allow":["GET"]}}],"collection":[{"href":"https:\/\/atacompany.com.tr\/en\/wp-json\/wp\/v2\/pages"}],"about":[{"href":"https:\/\/atacompany.com.tr\/en\/wp-json\/wp\/v2\/types\/page"}],"author":[{"embeddable":true,"href":"https:\/\/atacompany.com.tr\/en\/wp-json\/wp\/v2\/users\/1"}],"replies":[{"embeddable":true,"href":"https:\/\/atacompany.com.tr\/en\/wp-json\/wp\/v2\/comments?post=902"}],"version-history":[{"count":3,"href":"https:\/\/atacompany.com.tr\/en\/wp-json\/wp\/v2\/pages\/902\/revisions"}],"predecessor-version":[{"id":1202,"href":"https:\/\/atacompany.com.tr\/en\/wp-json\/wp\/v2\/pages\/902\/revisions\/1202"}],"wp:featuredmedia":[{"embeddable":true,"href":"https:\/\/atacompany.com.tr\/en\/wp-json\/wp\/v2\/media\/903"}],"wp:attachment":[{"href":"https:\/\/atacompany.com.tr\/en\/wp-json\/wp\/v2\/media?parent=902"}],"curies":[{"name":"wp","href":"https:\/\/api.w.org\/{rel}","templated":true}]}}