{"id":897,"date":"2023-04-13T03:30:25","date_gmt":"2023-04-13T00:30:25","guid":{"rendered":"https:\/\/atacompany.com.tr\/?page_id=897"},"modified":"2023-06-04T23:36:12","modified_gmt":"2023-06-04T20:36:12","slug":"tedarik-zinciri","status":"publish","type":"page","link":"https:\/\/atacompany.com.tr\/en\/tedarik-zinciri\/","title":{"rendered":"SUPPLY CHAIN"},"content":{"rendered":"<p><span style=\"color: #005c48;\">SUPPLY CHAIN<\/span><\/p>\n<p>Supply, as a logistics term, refers to the process of researching and obtaining the necessary raw materials, machinery, tools, materials, food, products, and services from suppliers.<\/p>\n<p>The supply chain also represents the steps taken to deliver the product or service from its original state to the customer. Companies develop supply chains or work with specialized partners in the field of supply chain management in order to reduce costs and remain competitive in the business environment.<br \/>\n\u015eirketler, maliyetlerini azaltabilmeleri ve i\u015f ortam\u0131nda rekabet\u00e7i kalabilmeleri i\u00e7in tedarik zincirleri geli\u015ftirir ya da bu hizmeti veren tedarik zinciri alan\u0131nda uzmanla\u015fm\u0131\u015f i\u015f ortaklar\u0131 ile beraberhareket ederler.<\/p>\n<p>Supply chain management is a crucial process as an optimized supply chain ensures lower costs and a faster production cycle.<\/p>\n<p>The functions within the supply chain include product development, marketing, operations, distribution, finance, and customer service.<\/p>\n<p>When we talk about what the supply chain includes, it consists of research, selection, planning, inventory control, procurement, transportation, purchasing, and evaluation.<\/p>\n<p>With our innovative and experienced team, we make decisions based on their knowledge and expertise, providing faster, more efficient, sustainable, end-to-end solutions to meet all your needs. We are always by the side of our esteemed business partners.<\/p>","protected":false},"excerpt":{"rendered":"<p>TEDAR\u0130K Z\u0130NC\u0130R\u0130 Tedarik, bir lojistik terimidir. Tedarik kelime anlam\u0131 olarak s\u00f6zl\u00fck anlam\u0131 ara\u015ft\u0131r\u0131p bulma ve elde etmektir. Tedarik; gerekli olan hammadde, makine, alet, malzeme, g\u0131da,&hellip;<\/p>","protected":false},"author":1,"featured_media":1108,"parent":0,"menu_order":0,"comment_status":"closed","ping_status":"closed","template":"","meta":{"footnotes":""},"class_list":["post-897","page","type-page","status-publish","has-post-thumbnail","hentry"],"_links":{"self":[{"href":"https:\/\/atacompany.com.tr\/en\/wp-json\/wp\/v2\/pages\/897","targetHints":{"allow":["GET"]}}],"collection":[{"href":"https:\/\/atacompany.com.tr\/en\/wp-json\/wp\/v2\/pages"}],"about":[{"href":"https:\/\/atacompany.com.tr\/en\/wp-json\/wp\/v2\/types\/page"}],"author":[{"embeddable":true,"href":"https:\/\/atacompany.com.tr\/en\/wp-json\/wp\/v2\/users\/1"}],"replies":[{"embeddable":true,"href":"https:\/\/atacompany.com.tr\/en\/wp-json\/wp\/v2\/comments?post=897"}],"version-history":[{"count":3,"href":"https:\/\/atacompany.com.tr\/en\/wp-json\/wp\/v2\/pages\/897\/revisions"}],"predecessor-version":[{"id":1205,"href":"https:\/\/atacompany.com.tr\/en\/wp-json\/wp\/v2\/pages\/897\/revisions\/1205"}],"wp:featuredmedia":[{"embeddable":true,"href":"https:\/\/atacompany.com.tr\/en\/wp-json\/wp\/v2\/media\/1108"}],"wp:attachment":[{"href":"https:\/\/atacompany.com.tr\/en\/wp-json\/wp\/v2\/media?parent=897"}],"curies":[{"name":"wp","href":"https:\/\/api.w.org\/{rel}","templated":true}]}}