{"id":854,"date":"2023-04-13T03:20:55","date_gmt":"2023-04-13T00:20:55","guid":{"rendered":"https:\/\/atacompany.com.tr\/?page_id=854"},"modified":"2023-06-04T23:33:25","modified_gmt":"2023-06-04T20:33:25","slug":"gumrukleme-3","status":"publish","type":"page","link":"https:\/\/atacompany.com.tr\/en\/gumrukleme-3\/","title":{"rendered":"CUSTOM CLEARANCE"},"content":{"rendered":"<p><span style=\"color: #005c48;\">CUSTOM CLEARANCE<\/span><\/p>\n<p>Customs clearance is the service that involves the management of relations and procedures with the government during the passage of goods or services through customs territories in foreign trade activities.<\/p>\n<p>It pertains to the mandatory regulatory processes applied to goods and vehicles entering or leaving the customs territory of the Republic of Turkey, which encompasses its land, inland waters, and airspace.<\/p>\n<p>According to Article 5 of the Customs Law No. 4458, individuals have the right to appoint a representative for their customs-related affairs and transactions as prescribed by the customs legislation.<\/p>\n<p>Authorized customs brokers, empowered by the Customs Law, can handle and finalize all types of customs procedures by utilizing the knowledge and experience of our innovative and experienced team.<\/p>\n<p>With our innovative and experienced team, we make decisions based on their knowledge and expertise, providing faster, more efficient, sustainable, end-to-end solutions to meet all your needs. We are always by the side of our esteemed business partners.<\/p>","protected":false},"excerpt":{"rendered":"<p>G\u00dcMR\u00dcKLEME Yabanc\u0131 bir \u00fclkeyle ger\u00e7ekle\u015ftirilen d\u0131\u015f ticaret faaliyetlerinde, \u00fcr\u00fcn veya hizmetlerin g\u00fcmr\u00fckl\u00fc sahalardan ge\u00e7i\u015fi s\u0131ras\u0131nda devletle olan ili\u015fki ve i\u015flemlerin y\u00fcr\u00fct\u00fclmesi hizmetidir. T\u00fcrkiye Cumhuriyeti g\u00fcmr\u00fck&hellip;<\/p>","protected":false},"author":1,"featured_media":1104,"parent":0,"menu_order":0,"comment_status":"closed","ping_status":"closed","template":"","meta":{"footnotes":""},"class_list":["post-854","page","type-page","status-publish","has-post-thumbnail","hentry"],"_links":{"self":[{"href":"https:\/\/atacompany.com.tr\/en\/wp-json\/wp\/v2\/pages\/854","targetHints":{"allow":["GET"]}}],"collection":[{"href":"https:\/\/atacompany.com.tr\/en\/wp-json\/wp\/v2\/pages"}],"about":[{"href":"https:\/\/atacompany.com.tr\/en\/wp-json\/wp\/v2\/types\/page"}],"author":[{"embeddable":true,"href":"https:\/\/atacompany.com.tr\/en\/wp-json\/wp\/v2\/users\/1"}],"replies":[{"embeddable":true,"href":"https:\/\/atacompany.com.tr\/en\/wp-json\/wp\/v2\/comments?post=854"}],"version-history":[{"count":6,"href":"https:\/\/atacompany.com.tr\/en\/wp-json\/wp\/v2\/pages\/854\/revisions"}],"predecessor-version":[{"id":1197,"href":"https:\/\/atacompany.com.tr\/en\/wp-json\/wp\/v2\/pages\/854\/revisions\/1197"}],"wp:featuredmedia":[{"embeddable":true,"href":"https:\/\/atacompany.com.tr\/en\/wp-json\/wp\/v2\/media\/1104"}],"wp:attachment":[{"href":"https:\/\/atacompany.com.tr\/en\/wp-json\/wp\/v2\/media?parent=854"}],"curies":[{"name":"wp","href":"https:\/\/api.w.org\/{rel}","templated":true}]}}