{"id":851,"date":"2023-04-09T04:19:19","date_gmt":"2023-04-09T01:19:19","guid":{"rendered":"https:\/\/atacompany.com.tr\/?page_id=851"},"modified":"2023-06-04T23:34:32","modified_gmt":"2023-06-04T20:34:32","slug":"ithalat-ihracat","status":"publish","type":"page","link":"https:\/\/atacompany.com.tr\/en\/ithalat-ihracat\/","title":{"rendered":"IMPORT-EXPORT"},"content":{"rendered":"<p><span style=\"color: #005c48;\">IMPORT<\/span><\/p>\n<p>Importation is the term used to describe the purchase of a product that has been produced in a foreign country by buyers within a particular country. Importation, also known as \"import,\" can be defined as the counterpart of export and is one of the key components in foreign trade data. Together with exports, importation forms a country's balance of trade.<\/p>\n<p>Importation refers to the entry of goods into the customs territory of a country, including Turkey, in accordance with the current import regulations and customs legislation. It encompasses the various procedures and transactions that comply with the requirements set by the Ministry or any other relevant authority.<\/p>\n<p>With our innovative and experienced team, we make decisions based on their knowledge and expertise, providing faster, more efficient, sustainable, end-to-end solutions to meet all your needs. We are always by the side of our esteemed business partners.<\/p>\n<p><span style=\"color: #005c48;\">EXPORT<\/span><\/p>\n<p>Export, also known as foreign sales, refers to the process of selling a domestically produced good to foreign countries in exchange for foreign currency. Export, which is one of the most important components of trade data, together with imports, forms a country's balance of trade.<\/p>\n<p>Exportation represents the lawful exit of goods from the customs territory of Turkey or into free zones in accordance with the prevailing export regulations and customs legislation, or other exit and transactions accepted as exports by the Ministry.<\/p>\n<p>With our innovative and experienced team, we make decisions based on their knowledge and expertise, providing faster, more efficient, sustainable, end-to-end solutions to meet all your needs. We are always by the side of our esteemed business partners.<\/p>","protected":false},"excerpt":{"rendered":"<p>\u0130THALAT Yurt d\u0131\u015f\u0131nda \u00fcretilmi\u015f bir mal\u0131n, \u00fclkedeki al\u0131c\u0131lar taraf\u0131ndan sat\u0131n al\u0131nmas\u0131na denir. \u0130thalat\u0131n di\u011fer bir ad\u0131 da d\u0131\u015fal\u0131md\u0131r ve ihracat\u0131n kar\u015f\u0131t\u0131 olarak da tan\u0131mlanabilir. D\u0131\u015f&hellip;<\/p>","protected":false},"author":1,"featured_media":1100,"parent":0,"menu_order":0,"comment_status":"closed","ping_status":"closed","template":"","meta":{"footnotes":""},"class_list":["post-851","page","type-page","status-publish","has-post-thumbnail","hentry"],"_links":{"self":[{"href":"https:\/\/atacompany.com.tr\/en\/wp-json\/wp\/v2\/pages\/851","targetHints":{"allow":["GET"]}}],"collection":[{"href":"https:\/\/atacompany.com.tr\/en\/wp-json\/wp\/v2\/pages"}],"about":[{"href":"https:\/\/atacompany.com.tr\/en\/wp-json\/wp\/v2\/types\/page"}],"author":[{"embeddable":true,"href":"https:\/\/atacompany.com.tr\/en\/wp-json\/wp\/v2\/users\/1"}],"replies":[{"embeddable":true,"href":"https:\/\/atacompany.com.tr\/en\/wp-json\/wp\/v2\/comments?post=851"}],"version-history":[{"count":6,"href":"https:\/\/atacompany.com.tr\/en\/wp-json\/wp\/v2\/pages\/851\/revisions"}],"predecessor-version":[{"id":1201,"href":"https:\/\/atacompany.com.tr\/en\/wp-json\/wp\/v2\/pages\/851\/revisions\/1201"}],"wp:featuredmedia":[{"embeddable":true,"href":"https:\/\/atacompany.com.tr\/en\/wp-json\/wp\/v2\/media\/1100"}],"wp:attachment":[{"href":"https:\/\/atacompany.com.tr\/en\/wp-json\/wp\/v2\/media?parent=851"}],"curies":[{"name":"wp","href":"https:\/\/api.w.org\/{rel}","templated":true}]}}