{"id":817,"date":"2023-04-09T02:06:02","date_gmt":"2023-04-08T23:06:02","guid":{"rendered":"https:\/\/atacompany.com.tr\/?page_id=817"},"modified":"2023-05-03T01:23:23","modified_gmt":"2023-05-02T22:23:23","slug":"firma-profili","status":"publish","type":"page","link":"https:\/\/atacompany.com.tr\/en\/firma-profili\/","title":{"rendered":"COMPANY PROFILE"},"content":{"rendered":"<p>ATA COMPANY; Global Ticaret Y\u00f6netimi, \u0130thalat, \u0130hracat, Lojistik, G\u00fcmr\u00fckleme, Mevzuat, Tedarik Zinciri, \u0130\u015f Geli\u015ftirme, Proje Y\u00f6netimi, Dijital Pazarlama ve Dan\u0131\u015fmanl\u0131k gibi her t\u00fcrl\u00fc ihtiyaca y\u00f6nelik hizmetler sunmaktad\u0131r.<\/p>\n<p>With our focus on people, environment, and time, we provide tailored, reliable, fast, timely, and definitive solutions to deliver privileged services to our esteemed business partners.<\/p>","protected":false},"excerpt":{"rendered":"<p>ATA COMPANY; Global Ticaret Y\u00f6netimi, \u0130thalat, \u0130hracat, Lojistik, G\u00fcmr\u00fckleme, Mevzuat, Tedarik Zinciri, \u0130\u015f Geli\u015ftirme, Proje Y\u00f6netimi, Dijital Pazarlama ve Dan\u0131\u015fmanl\u0131k gibi her t\u00fcrl\u00fc ihtiyaca y\u00f6nelik&hellip;<\/p>","protected":false},"author":1,"featured_media":1033,"parent":0,"menu_order":0,"comment_status":"closed","ping_status":"closed","template":"","meta":{"footnotes":""},"class_list":["post-817","page","type-page","status-publish","has-post-thumbnail","hentry"],"_links":{"self":[{"href":"https:\/\/atacompany.com.tr\/en\/wp-json\/wp\/v2\/pages\/817","targetHints":{"allow":["GET"]}}],"collection":[{"href":"https:\/\/atacompany.com.tr\/en\/wp-json\/wp\/v2\/pages"}],"about":[{"href":"https:\/\/atacompany.com.tr\/en\/wp-json\/wp\/v2\/types\/page"}],"author":[{"embeddable":true,"href":"https:\/\/atacompany.com.tr\/en\/wp-json\/wp\/v2\/users\/1"}],"replies":[{"embeddable":true,"href":"https:\/\/atacompany.com.tr\/en\/wp-json\/wp\/v2\/comments?post=817"}],"version-history":[{"count":3,"href":"https:\/\/atacompany.com.tr\/en\/wp-json\/wp\/v2\/pages\/817\/revisions"}],"predecessor-version":[{"id":1018,"href":"https:\/\/atacompany.com.tr\/en\/wp-json\/wp\/v2\/pages\/817\/revisions\/1018"}],"wp:featuredmedia":[{"embeddable":true,"href":"https:\/\/atacompany.com.tr\/en\/wp-json\/wp\/v2\/media\/1033"}],"wp:attachment":[{"href":"https:\/\/atacompany.com.tr\/en\/wp-json\/wp\/v2\/media?parent=817"}],"curies":[{"name":"wp","href":"https:\/\/api.w.org\/{rel}","templated":true}]}}