{"id":199,"date":"2018-02-28T07:02:35","date_gmt":"2018-02-28T07:02:35","guid":{"rendered":"http:\/\/offshorethemes.com\/demo\/sparkconstruction\/?page_id=199"},"modified":"2023-06-13T23:51:44","modified_gmt":"2023-06-13T20:51:44","slug":"hakkimizda","status":"publish","type":"page","link":"https:\/\/atacompany.com.tr\/en\/hakkimizda\/","title":{"rendered":"About us"},"content":{"rendered":"<div id=\"pl-199\"  class=\"panel-layout\" ><div id=\"pg-199-0\"  class=\"panel-grid panel-no-style\" ><div id=\"pgc-199-0-0\"  class=\"panel-grid-cell\" ><div id=\"panel-199-0-0-0\" class=\"so-panel widget widget_sow-editor panel-first-child panel-last-child\" data-index=\"0\" ><div\n\t\t\t\n\t\t\tclass=\"so-widget-sow-editor so-widget-sow-editor-base\"\n\t\t\t\n\t\t>\n<div class=\"siteorigin-widget-tinymce textwidget\">\n\t<h3 style=\"text-align: center;\"><strong><span style=\"color: #006b54;\">COMPANY PROFILE<\/span><\/strong><\/h3>\n<p style=\"text-align: center;\">ATA COMPANY; Global Ticaret Y\u00f6netimi, \u0130thalat, \u0130hracat, Lojistik, G\u00fcmr\u00fckleme, Mevzuat, Tedarik Zinciri, \u0130\u015f Geli\u015ftirme, Proje Y\u00f6netimi, Dijital Pazarlama ve Dan\u0131\u015fmanl\u0131k gibi her t\u00fcrl\u00fc ihtiyaca y\u00f6nelik hizmetler sunmaktad\u0131r. \u0130nsan, \u00e7evre ve zaman odakl\u0131 \u00e7al\u0131\u015fma prensibimiz sayesinde ihtiya\u00e7lar\u0131n\u0131za en uygun \u00e7\u00f6z\u00fcmleri kararl\u0131, g\u00fcvenilir, h\u0131zl\u0131, zaman\u0131nda ve kesin \u00e7\u00f6z\u00fcmler \u00fcreterek siz de\u011ferli i\u015f ortaklar\u0131m\u0131za ayr\u0131cal\u0131kl\u0131 hizmetler sunmaktay\u0131z.<\/p>\n<\/div>\n<\/div><\/div><\/div><\/div><div id=\"pg-199-1\"  class=\"panel-grid panel-no-style\" ><div id=\"pgc-199-1-0\"  class=\"panel-grid-cell\" ><div id=\"panel-199-1-0-0\" class=\"so-panel widget widget_sow-editor panel-first-child panel-last-child\" data-index=\"1\" ><div\n\t\t\t\n\t\t\tclass=\"so-widget-sow-editor so-widget-sow-editor-base\"\n\t\t\t\n\t\t>\n<div class=\"siteorigin-widget-tinymce textwidget\">\n\t<h3 style=\"text-align: center;\"><strong><span style=\"color: #006b54;\">OUR MISSION<\/span><\/strong><\/h3>\n<p style=\"text-align: center;\">In our globally interconnected world, trust forms the cornerstone of human relationships.<br \/>\nTime, on the other hand, is an irreplaceable and invaluable asset for individuals.<br \/>\nAs ATA COMPANY, our mission is to establish maximum levels of trust with our business partners and create definitive solutions to meet all needs with minimal time loss, thereby forging new friendships.<\/p>\n<\/div>\n<\/div><\/div><\/div><\/div><div id=\"pg-199-2\"  class=\"panel-grid panel-no-style\" ><div id=\"pgc-199-2-0\"  class=\"panel-grid-cell\" ><div id=\"panel-199-2-0-0\" class=\"so-panel widget widget_sow-editor panel-first-child panel-last-child\" data-index=\"2\" ><div\n\t\t\t\n\t\t\tclass=\"so-widget-sow-editor so-widget-sow-editor-base\"\n\t\t\t\n\t\t>\n<div class=\"siteorigin-widget-tinymce textwidget\">\n\t<h3 style=\"text-align: center;\"><strong><span style=\"color: #006B54;\">OUR VISION<\/span><\/strong><\/h3>\n<p style=\"text-align: center;\">To Gain Trust and Save Time, and to Make Others Win.<\/p>\n<\/div>\n<\/div><\/div><\/div><\/div><\/div>","protected":false},"excerpt":{"rendered":"<p>F\u0130RMA PROF\u0130L\u0130 ATA COMPANY; Global Ticaret Y\u00f6netimi, \u0130thalat, \u0130hracat, Lojistik, G\u00fcmr\u00fckleme, Mevzuat, Tedarik Zinciri, \u0130\u015f Geli\u015ftirme, Proje Y\u00f6netimi, Dijital Pazarlama ve Dan\u0131\u015fmanl\u0131k gibi her t\u00fcrl\u00fc&hellip;<\/p>","protected":false},"author":1,"featured_media":758,"parent":0,"menu_order":0,"comment_status":"closed","ping_status":"closed","template":"template-pagebuilder.php","meta":{"footnotes":""},"class_list":["post-199","page","type-page","status-publish","has-post-thumbnail","hentry"],"_links":{"self":[{"href":"https:\/\/atacompany.com.tr\/en\/wp-json\/wp\/v2\/pages\/199","targetHints":{"allow":["GET"]}}],"collection":[{"href":"https:\/\/atacompany.com.tr\/en\/wp-json\/wp\/v2\/pages"}],"about":[{"href":"https:\/\/atacompany.com.tr\/en\/wp-json\/wp\/v2\/types\/page"}],"author":[{"embeddable":true,"href":"https:\/\/atacompany.com.tr\/en\/wp-json\/wp\/v2\/users\/1"}],"replies":[{"embeddable":true,"href":"https:\/\/atacompany.com.tr\/en\/wp-json\/wp\/v2\/comments?post=199"}],"version-history":[{"count":29,"href":"https:\/\/atacompany.com.tr\/en\/wp-json\/wp\/v2\/pages\/199\/revisions"}],"predecessor-version":[{"id":1227,"href":"https:\/\/atacompany.com.tr\/en\/wp-json\/wp\/v2\/pages\/199\/revisions\/1227"}],"wp:featuredmedia":[{"embeddable":true,"href":"https:\/\/atacompany.com.tr\/en\/wp-json\/wp\/v2\/media\/758"}],"wp:attachment":[{"href":"https:\/\/atacompany.com.tr\/en\/wp-json\/wp\/v2\/media?parent=199"}],"curies":[{"name":"wp","href":"https:\/\/api.w.org\/{rel}","templated":true}]}}