{"id":185,"date":"2018-02-28T03:53:09","date_gmt":"2018-02-28T03:53:09","guid":{"rendered":"http:\/\/offshorethemes.com\/demo\/sparkconstruction\/?page_id=185"},"modified":"2023-06-05T00:16:54","modified_gmt":"2023-06-04T21:16:54","slug":"iletisim","status":"publish","type":"page","link":"https:\/\/atacompany.com.tr\/en\/iletisim\/","title":{"rendered":"Contact"},"content":{"rendered":"<div id=\"pl-185\" class=\"panel-layout\">\r\n<div id=\"pg-185-0\" class=\"panel-grid panel-no-style\">\r\n<div id=\"pgc-185-0-0\" class=\"panel-grid-cell\" data-weight=\"1\">\r\n<div id=\"panel-185-0-0-0\" class=\"so-panel widget widget_sow-editor panel-first-child panel-last-child\" data-index=\"0\">\r\n<div class=\"so-widget-sow-editor so-widget-sow-editor-base\">\r\n<div class=\"siteorigin-widget-tinymce textwidget\">\r\n<figure><iframe loading=\"lazy\" src=\"https:\/\/www.google.com\/maps\/embed?pb=!1m18!1m12!1m3!1d56516.27689202551!2d85.29111314602403!3d27.709031933628182!2m3!1f0!2f0!3f0!3m2!1i1024!2i768!4f13.1!3m3!1m2!1s0x39eb198a307baabf%3A0xb5137c1bf18db1ea!2sKathmandu+44600!5e0!3m2!1sen!2snp!4v1546159047910\" width=\"800\" height=\"320\" allowfullscreen=\"allowfullscreen\"><\/iframe><\/figure>\r\n<\/div>\r\n<div>\u00a0<\/div>\r\n<div>\u00a0<\/div>\r\n<div class=\"siteorigin-widget-tinymce textwidget\"><span style=\"color: #005c48;\">Bizimle ileti\u015fime ge\u00e7mek i\u00e7in l\u00fctfen formu doldurunuz.<\/span><\/div>\r\n<div>\u00a0<\/div>\r\n<div class=\"siteorigin-widget-tinymce textwidget\">\n<div class=\"wpcf7 no-js\" id=\"wpcf7-f774-o1\" lang=\"en-US\" dir=\"ltr\">\n<div class=\"screen-reader-response\"><p role=\"status\" aria-live=\"polite\" aria-atomic=\"true\"><\/p> <ul><\/ul><\/div>\n<form action=\"\/en\/wp-json\/wp\/v2\/pages\/185#wpcf7-f774-o1\" method=\"post\" class=\"wpcf7-form init\" aria-label=\"Contact form\" novalidate=\"novalidate\" data-status=\"init\" data-trp-original-action=\"\/en\/wp-json\/wp\/v2\/pages\/185#wpcf7-f774-o1\">\n<div style=\"display: none;\">\n<input type=\"hidden\" name=\"_wpcf7\" value=\"774\" \/>\n<input type=\"hidden\" name=\"_wpcf7_version\" value=\"5.7.6\" \/>\n<input type=\"hidden\" name=\"_wpcf7_locale\" value=\"en_US\" \/>\n<input type=\"hidden\" name=\"_wpcf7_unit_tag\" value=\"wpcf7-f774-o1\" \/>\n<input type=\"hidden\" name=\"_wpcf7_container_post\" value=\"0\" \/>\n<input type=\"hidden\" name=\"_wpcf7_posted_data_hash\" value=\"\" \/>\n<\/div>\n<p><label> Ad\u0131n\u0131z-Soyad\u0131n\u0131z<br \/>\n<span class=\"wpcf7-form-control-wrap\" data-name=\"your-name-surname\"><input size=\"40\" class=\"wpcf7-form-control wpcf7-text wpcf7-validates-as-required\" aria-required=\"true\" aria-invalid=\"false\" value=\"\" type=\"text\" name=\"your-name-surname\" \/><\/span> <\/label>\n<\/p>\n<p><label> E-posta Adresiniz<br \/>\n<span class=\"wpcf7-form-control-wrap\" data-name=\"your-email\"><input size=\"40\" class=\"wpcf7-form-control wpcf7-text wpcf7-email wpcf7-validates-as-required wpcf7-validates-as-email\" aria-required=\"true\" aria-invalid=\"false\" value=\"\" type=\"email\" name=\"your-email\" \/><\/span> <\/label>\n<\/p>\n<p><label> Konu<br \/>\n<span class=\"wpcf7-form-control-wrap\" data-name=\"your-subject\"><input size=\"40\" class=\"wpcf7-form-control wpcf7-text wpcf7-validates-as-required\" aria-required=\"true\" aria-invalid=\"false\" value=\"\" type=\"text\" name=\"your-subject\" \/><\/span> <\/label>\n<\/p>\n<p><label> Mesaj\u0131n\u0131z<br \/>\n<span class=\"wpcf7-form-control-wrap\" data-name=\"your-message\"><textarea cols=\"40\" rows=\"10\" class=\"wpcf7-form-control wpcf7-textarea\" aria-invalid=\"false\" name=\"your-message\"><\/textarea><\/span> <\/label>\n<\/p>\n<p><span class=\"wpcf7-form-control-wrap\" data-name=\"quiz-35\"><label><span class=\"wpcf7-quiz-label\">4 + 6 = ?<\/span> <input size=\"40\" class=\"wpcf7-form-control wpcf7-quiz\" autocomplete=\"off\" aria-required=\"true\" aria-invalid=\"false\" type=\"text\" name=\"quiz-35\" \/><\/label><input type=\"hidden\" name=\"_wpcf7_quiz_answer_quiz-35\" value=\"1d1fe21c9b17d8cd2c6bc2157b173e75\" \/><\/span>\n<\/p>\n<p><input class=\"wpcf7-form-control has-spinner wpcf7-submit\" type=\"submit\" value=\"G\u00f6nder\" \/>\n<\/p><div class=\"wpcf7-response-output\" aria-hidden=\"true\"><\/div>\n<input type=\"hidden\" name=\"trp-form-language\" value=\"en\"\/><\/form>\n<\/div>\n\n<\/div>\r\n<\/div>\r\n<\/div>\r\n<\/div>\r\n<\/div>\r\n<\/div>","protected":false},"excerpt":{"rendered":"<p>\u00a0 \u00a0 Bizimle ileti\u015fime ge\u00e7mek i\u00e7in l\u00fctfen formu doldurunuz. \u00a0<\/p>","protected":false},"author":1,"featured_media":0,"parent":0,"menu_order":0,"comment_status":"closed","ping_status":"closed","template":"","meta":{"footnotes":""},"class_list":["post-185","page","type-page","status-publish","hentry"],"_links":{"self":[{"href":"https:\/\/atacompany.com.tr\/en\/wp-json\/wp\/v2\/pages\/185","targetHints":{"allow":["GET"]}}],"collection":[{"href":"https:\/\/atacompany.com.tr\/en\/wp-json\/wp\/v2\/pages"}],"about":[{"href":"https:\/\/atacompany.com.tr\/en\/wp-json\/wp\/v2\/types\/page"}],"author":[{"embeddable":true,"href":"https:\/\/atacompany.com.tr\/en\/wp-json\/wp\/v2\/users\/1"}],"replies":[{"embeddable":true,"href":"https:\/\/atacompany.com.tr\/en\/wp-json\/wp\/v2\/comments?post=185"}],"version-history":[{"count":12,"href":"https:\/\/atacompany.com.tr\/en\/wp-json\/wp\/v2\/pages\/185\/revisions"}],"predecessor-version":[{"id":1214,"href":"https:\/\/atacompany.com.tr\/en\/wp-json\/wp\/v2\/pages\/185\/revisions\/1214"}],"wp:attachment":[{"href":"https:\/\/atacompany.com.tr\/en\/wp-json\/wp\/v2\/media?parent=185"}],"curies":[{"name":"wp","href":"https:\/\/api.w.org\/{rel}","templated":true}]}}